{"id":74004,"date":"2024-01-30T18:02:27","date_gmt":"2024-01-30T18:02:27","guid":{"rendered":"https:\/\/staging.nbg.eu\/product\/holosun-hs403b\/"},"modified":"2024-10-25T14:25:52","modified_gmt":"2024-10-25T14:25:52","slug":"holosun-hs403b","status":"publish","type":"product","link":"https:\/\/staging.nbg.eu\/fi\/tuote\/holosun-hs403b\/","title":{"rendered":"Holosun HS403B"},"content":{"rendered":"<div class=\"product-description\">\n<h2>Holosun HS403B Mikro-punapistet\u00e4ht\u00e4in<\/h2>\n<p>Holosun HS403B on 20 mm:n kompakti mikrot\u00e4ht\u00e4in kiv\u00e4\u00e4ri- ja karbiinisovelluksiin. Ominaisuudet:<\/p>\n<ul>\n<li>Punainen Super LED, 50 000 tunnin akunkesto<\/li>\n<li>10 p\u00e4iv\u00e4nvalo- ja 2 pime\u00e4n\u00e4k\u00f6yhteensopivaa ristikkoa<\/li>\n<li>6061 alumiinirunko<\/li>\n<li>Mukana alempi 1\/3 yhteisk\u00e4ytt\u00f6jalusta (1,63&#8243;) ja matala jalusta (0,75&#8243;)<\/li>\n<li>Shake Awake -teknologia akun s\u00e4\u00e4st\u00e4miseksi<\/li>\n<li>Digitaaliset painikkeet s\u00e4\u00e4t\u00f6j\u00e4 varten<\/li>\n<li>Kumiset linssinsuojat<\/li>\n<li>Sivulle asennettava 2032-paristokotelo helppoa vaihtoa varten<\/li>\n<\/ul>\n<p>HS403B sopii kaikentasoisille ampujille. T\u00e4ht\u00e4in on vesitiivis IP67-standardin mukaisesti ja kest\u00e4\u00e4 1000G:n t\u00e4rin\u00e4n.<\/p>\n<\/div>\n","protected":false},"excerpt":{"rendered":"<p>Kompakti 20 mm:n punapistet\u00e4ht\u00e4in, jossa on 50 000 tunnin akkukesto ja monipuoliset kiinnitysmahdollisuudet.<\/p>\n","protected":false},"featured_media":72262,"template":"","meta":{"_acf_changed":false},"product_brand":[11431],"product_cat":[13235,13202,13201],"product_tag":[],"class_list":{"0":"post-74004","1":"product","2":"type-product","3":"status-publish","4":"has-post-thumbnail","6":"product_brand-holosun","7":"product_cat-kivaeaerituikut","8":"product_cat-punapisteet","9":"product_cat-taehtaeys","11":"first","12":"instock","13":"taxable","14":"shipping-taxable","15":"purchasable","16":"product-type-simple"},"acf":[],"_links":{"self":[{"href":"https:\/\/staging.nbg.eu\/fi\/wp-json\/wp\/v2\/product\/74004","targetHints":{"allow":["GET"]}}],"collection":[{"href":"https:\/\/staging.nbg.eu\/fi\/wp-json\/wp\/v2\/product"}],"about":[{"href":"https:\/\/staging.nbg.eu\/fi\/wp-json\/wp\/v2\/types\/product"}],"wp:featuredmedia":[{"embeddable":true,"href":"https:\/\/staging.nbg.eu\/fi\/wp-json\/wp\/v2\/media\/72262"}],"wp:attachment":[{"href":"https:\/\/staging.nbg.eu\/fi\/wp-json\/wp\/v2\/media?parent=74004"}],"wp:term":[{"taxonomy":"product_brand","embeddable":true,"href":"https:\/\/staging.nbg.eu\/fi\/wp-json\/wp\/v2\/product_brand?post=74004"},{"taxonomy":"product_cat","embeddable":true,"href":"https:\/\/staging.nbg.eu\/fi\/wp-json\/wp\/v2\/product_cat?post=74004"},{"taxonomy":"product_tag","embeddable":true,"href":"https:\/\/staging.nbg.eu\/fi\/wp-json\/wp\/v2\/product_tag?post=74004"}],"curies":[{"name":"wp","href":"https:\/\/api.w.org\/{rel}","templated":true}]}}