{"id":73982,"date":"2024-10-18T20:01:13","date_gmt":"2024-10-18T20:01:13","guid":{"rendered":"https:\/\/staging.nbg.eu\/product\/holosun-hs515cm-red-dot-sight\/"},"modified":"2024-10-25T14:24:13","modified_gmt":"2024-10-25T14:24:13","slug":"holosun-hs515cm-punapistetaehtaein","status":"publish","type":"product","link":"https:\/\/staging.nbg.eu\/fi\/tuote\/holosun-hs515cm-punapistetaehtaein\/","title":{"rendered":"Holosun HS515CM &#8211; Punapistet\u00e4ht\u00e4in"},"content":{"rendered":"<div class=\"product-description\">\n<h2>Holosun HS515CM &#8211; Punapistet\u00e4ht\u00e4in<\/h2>\n<p>HS515CM on 20mm mikrot\u00e4ht\u00e4in kiv\u00e4\u00e4reille ja karbiineille. Valmistettu 7075 alumiinista ja sis\u00e4lt\u00e4\u00e4 seuraavat ominaisuudet:<\/p>\n<ul>\n<li>Kirkkaat, irrotettavat\/k\u00e4\u00e4ntyv\u00e4t linssinsuojukset<\/li>\n<li>QD-kiinnitys 1\/3 yhteensopivuudella (1,63&#8243;)<\/li>\n<li>IP68 vesi- ja p\u00f6lytiiveys<\/li>\n<li>Aurinkokennoteknologia<\/li>\n<li>Moniretikulij\u00e4rjestelm\u00e4 punaisella LED-valolla<\/li>\n<li>10 p\u00e4iv\u00e4nvalo- ja 2 pime\u00e4n\u00e4k\u00f6asetusta<\/li>\n<li>Liikkeest\u00e4 aktivoituva teknologia<\/li>\n<li>Jopa 50 000 tunnin akunkesto<\/li>\n<li>Ty\u00f6kaluton akun vaihto sivulta<\/li>\n<\/ul>\n<p>Suunniteltu sek\u00e4 urheilu- ett\u00e4 ammattik\u00e4ytt\u00f6\u00f6n. HS515CM tarjoaa 0,5 MOA s\u00e4\u00e4d\u00f6t ja \u00b150 MOA s\u00e4\u00e4t\u00f6alueen. Kest\u00e4\u00e4 \u00e4\u00e4rimm\u00e4isi\u00e4 l\u00e4mp\u00f6tiloja ja 1000G t\u00e4rin\u00e4\u00e4.<\/p>\n<\/div>\n","protected":false},"excerpt":{"rendered":"<p>Kest\u00e4v\u00e4 20 mm:n mikro-punapistet\u00e4ht\u00e4in kiv\u00e4\u00e4reille, aurinkokennok\u00e4ytt\u00f6inen, vedenpit\u00e4v\u00e4.<\/p>\n","protected":false},"featured_media":72401,"template":"","meta":{"_acf_changed":false},"product_brand":[11431],"product_cat":[13235,13202,13201],"product_tag":[],"class_list":{"0":"post-73982","1":"product","2":"type-product","3":"status-publish","4":"has-post-thumbnail","6":"product_brand-holosun","7":"product_cat-kivaeaerituikut","8":"product_cat-punapisteet","9":"product_cat-taehtaeys","11":"first","12":"instock","13":"taxable","14":"shipping-taxable","15":"purchasable","16":"product-type-simple"},"acf":[],"_links":{"self":[{"href":"https:\/\/staging.nbg.eu\/fi\/wp-json\/wp\/v2\/product\/73982","targetHints":{"allow":["GET"]}}],"collection":[{"href":"https:\/\/staging.nbg.eu\/fi\/wp-json\/wp\/v2\/product"}],"about":[{"href":"https:\/\/staging.nbg.eu\/fi\/wp-json\/wp\/v2\/types\/product"}],"wp:featuredmedia":[{"embeddable":true,"href":"https:\/\/staging.nbg.eu\/fi\/wp-json\/wp\/v2\/media\/72401"}],"wp:attachment":[{"href":"https:\/\/staging.nbg.eu\/fi\/wp-json\/wp\/v2\/media?parent=73982"}],"wp:term":[{"taxonomy":"product_brand","embeddable":true,"href":"https:\/\/staging.nbg.eu\/fi\/wp-json\/wp\/v2\/product_brand?post=73982"},{"taxonomy":"product_cat","embeddable":true,"href":"https:\/\/staging.nbg.eu\/fi\/wp-json\/wp\/v2\/product_cat?post=73982"},{"taxonomy":"product_tag","embeddable":true,"href":"https:\/\/staging.nbg.eu\/fi\/wp-json\/wp\/v2\/product_tag?post=73982"}],"curies":[{"name":"wp","href":"https:\/\/api.w.org\/{rel}","templated":true}]}}