{"id":73729,"date":"2024-10-16T19:50:15","date_gmt":"2024-10-21T08:19:19","guid":{"rendered":"https:\/\/staging.nbg.eu\/product\/casio-gba-800-1aer\/"},"modified":"2024-10-21T08:21:02","modified_gmt":"2024-10-21T08:21:02","slug":"casio-gba-800-1aer","status":"publish","type":"product","link":"https:\/\/staging.nbg.eu\/fi\/tuote\/casio-gba-800-1aer\/","title":{"rendered":"Casio GBA-800-1AER"},"content":{"rendered":"<h2>Casio GBA-800-1AER G-SQUAD -kello<\/h2>\n<p>Casio GBA-800-1AER G-SQUAD on urheilukello. T\u00e4m\u00e4 kello yhdist\u00e4\u00e4 G-SHOCK:in kest\u00e4vyyden ja kuntoilun seurantaominaisuudet.<\/p>\n<ul>\n<li>Bluetooth-yhteys CASIO WATCHES -sovellukseen<\/li>\n<li>3-akselinen kiihtyvyysanturi askelm\u00e4\u00e4r\u00e4n laskemiseen<\/li>\n<li>Mukautettavat ajastimet ja 200 kierroksen muisti<\/li>\n<li>Askelm\u00e4\u00e4r\u00e4loki viidell\u00e4 harjoituksen intensiteettitasolla<\/li>\n<li>Kalorilaskenta ja askeltavoitteen asettaminen<\/li>\n<li>Automaattinen ajan s\u00e4\u00e4t\u00f6 ja maailmanaika 300 kaupungille<\/li>\n<li>Super Illuminator -kaksoisledi h\u00e4m\u00e4r\u00e4ss\u00e4 n\u00e4kemiseen<\/li>\n<\/ul>\n<p>GBA-800-1AER:ss\u00e4 on pehme\u00e4 uretaaniranneke. Sen kompakti kotelo sopii urheiluk\u00e4ytt\u00f6\u00f6n, juoksuun, harjoitteluun ja p\u00e4ivitt\u00e4iseen k\u00e4ytt\u00f6\u00f6n.<\/p>\n","protected":false},"excerpt":{"rendered":"<p>Urheilullinen \u00e4lykello askelmittarilla ja sovelluksen synkronoinnilla.<\/p>\n","protected":false},"featured_media":71100,"template":"","meta":{"_acf_changed":false},"product_brand":[11199],"product_cat":[13215,13191],"product_tag":[],"class_list":{"0":"post-73729","1":"product","2":"type-product","3":"status-publish","4":"has-post-thumbnail","6":"product_brand-casio","7":"product_cat-edc","8":"product_cat-kellot","10":"first","11":"instock","12":"taxable","13":"shipping-taxable","14":"purchasable","15":"product-type-simple"},"acf":[],"_links":{"self":[{"href":"https:\/\/staging.nbg.eu\/fi\/wp-json\/wp\/v2\/product\/73729","targetHints":{"allow":["GET"]}}],"collection":[{"href":"https:\/\/staging.nbg.eu\/fi\/wp-json\/wp\/v2\/product"}],"about":[{"href":"https:\/\/staging.nbg.eu\/fi\/wp-json\/wp\/v2\/types\/product"}],"wp:featuredmedia":[{"embeddable":true,"href":"https:\/\/staging.nbg.eu\/fi\/wp-json\/wp\/v2\/media\/71100"}],"wp:attachment":[{"href":"https:\/\/staging.nbg.eu\/fi\/wp-json\/wp\/v2\/media?parent=73729"}],"wp:term":[{"taxonomy":"product_brand","embeddable":true,"href":"https:\/\/staging.nbg.eu\/fi\/wp-json\/wp\/v2\/product_brand?post=73729"},{"taxonomy":"product_cat","embeddable":true,"href":"https:\/\/staging.nbg.eu\/fi\/wp-json\/wp\/v2\/product_cat?post=73729"},{"taxonomy":"product_tag","embeddable":true,"href":"https:\/\/staging.nbg.eu\/fi\/wp-json\/wp\/v2\/product_tag?post=73729"}],"curies":[{"name":"wp","href":"https:\/\/api.w.org\/{rel}","templated":true}]}}