{"id":73707,"date":"2024-10-16T19:57:17","date_gmt":"2024-10-21T08:17:05","guid":{"rendered":"https:\/\/staging.nbg.eu\/product\/casio-gbd-800-1ber\/"},"modified":"2024-10-21T08:19:15","modified_gmt":"2024-10-21T08:19:15","slug":"casio-gbd-800-1ber","status":"publish","type":"product","link":"https:\/\/staging.nbg.eu\/fi\/tuote\/casio-gbd-800-1ber\/","title":{"rendered":"Casio GBD-800-1BER"},"content":{"rendered":"<h2>Casio GBD-800-1BER G-SQUAD urheilukello<\/h2>\n<p>Casio GBD-800-1BER on G-SQUAD urheilukello urheilijoille ja p\u00e4ivitt\u00e4iseen k\u00e4ytt\u00f6\u00f6n. T\u00e4m\u00e4 musta kello sis\u00e4lt\u00e4\u00e4:<\/p>\n<ul>\n<li>Moniosioinen digitaalin\u00e4ytt\u00f6<\/li>\n<li>Bluetooth-yhteys CASIO WATCHES -sovellukseen<\/li>\n<li>3-akselinen kiihtyvyysanturi askelmittaukseen<\/li>\n<li>Multi-Timer, jossa jopa 20 ajastinyhdistelm\u00e4\u00e4<\/li>\n<li>200 kierroksen muisti harjoitusten seurantaan<\/li>\n<li>Automaattinen LED-valo<\/li>\n<li>S\u00e4\u00e4dett\u00e4v\u00e4 ranneke ja takasiivekkeet<\/li>\n<\/ul>\n<p>GBD-800-1BER on suunniteltu aktiiviseen el\u00e4m\u00e4ntyyliin. Kello auttaa seuraamaan kuntoilua sek\u00e4 kuntosalilla ett\u00e4 ulkona.<\/p>\n","protected":false},"excerpt":{"rendered":"<p>Tyylik\u00e4s G-SHOCK-urheilukello askelmittarilla ja \u00e4lypuhelinsovelluksen yhteydell\u00e4.<\/p>\n","protected":false},"featured_media":100950,"template":"","meta":{"_acf_changed":false},"product_brand":[11199],"product_cat":[13215,13191],"product_tag":[],"class_list":{"0":"post-73707","1":"product","2":"type-product","3":"status-publish","4":"has-post-thumbnail","6":"product_brand-casio","7":"product_cat-edc","8":"product_cat-kellot","10":"first","11":"instock","12":"taxable","13":"shipping-taxable","14":"purchasable","15":"product-type-simple"},"acf":[],"_links":{"self":[{"href":"https:\/\/staging.nbg.eu\/fi\/wp-json\/wp\/v2\/product\/73707","targetHints":{"allow":["GET"]}}],"collection":[{"href":"https:\/\/staging.nbg.eu\/fi\/wp-json\/wp\/v2\/product"}],"about":[{"href":"https:\/\/staging.nbg.eu\/fi\/wp-json\/wp\/v2\/types\/product"}],"wp:featuredmedia":[{"embeddable":true,"href":"https:\/\/staging.nbg.eu\/fi\/wp-json\/wp\/v2\/media\/100950"}],"wp:attachment":[{"href":"https:\/\/staging.nbg.eu\/fi\/wp-json\/wp\/v2\/media?parent=73707"}],"wp:term":[{"taxonomy":"product_brand","embeddable":true,"href":"https:\/\/staging.nbg.eu\/fi\/wp-json\/wp\/v2\/product_brand?post=73707"},{"taxonomy":"product_cat","embeddable":true,"href":"https:\/\/staging.nbg.eu\/fi\/wp-json\/wp\/v2\/product_cat?post=73707"},{"taxonomy":"product_tag","embeddable":true,"href":"https:\/\/staging.nbg.eu\/fi\/wp-json\/wp\/v2\/product_tag?post=73707"}],"curies":[{"name":"wp","href":"https:\/\/api.w.org\/{rel}","templated":true}]}}