{"id":71017,"date":"2024-01-21T15:18:33","date_gmt":"2024-01-21T15:18:33","guid":{"rendered":"https:\/\/staging.nbg.eu\/product\/surefire-123a-batteries\/"},"modified":"2025-02-04T10:27:12","modified_gmt":"2025-02-04T10:27:12","slug":"surefire-123a-paristot","status":"publish","type":"product","link":"https:\/\/staging.nbg.eu\/fi\/tuote\/surefire-123a-paristot\/","title":{"rendered":"SureFire 123A PARISTOT"},"content":{"rendered":"<div class=\"product-description\">\n<h2>SureFire SF72-BB (123A PARISTO)<\/h2>\n<p>SureFiren 123A litiumparisto. Verrattuna alkaliparistoihin, t\u00e4m\u00e4 paristo tarjoaa:<\/p>\n<ul>\n<li>10 vuoden s\u00e4ilyvyysajan<\/li>\n<li>3V j\u00e4nnitteen ja 1 550 mAh kapasiteetin<\/li>\n<li>17 gramman painon<\/li>\n<li>Optimoitu SureFire-taskulamppuihin<\/li>\n<\/ul>\n<p>SureFiren paristot ovat suorituskykyisi\u00e4 ja k\u00e4ytt\u00f6valmiita. Ne soveltuvat moniin k\u00e4ytt\u00f6tarkoituksiin.<\/p>\n<\/div>\n","protected":false},"excerpt":{"rendered":"<p>Suorituskykyinen 123A-litiumparisto. 10 vuoden k\u00e4ytt\u00f6ik\u00e4, 3V, 1550mAh.<\/p>\n","protected":false},"featured_media":71018,"template":"","meta":{"_acf_changed":false},"product_brand":[11869],"product_cat":[13215,13184,13164,13216],"product_tag":[],"class_list":{"0":"post-71017","1":"product","2":"type-product","3":"status-publish","4":"has-post-thumbnail","6":"product_brand-surefire","7":"product_cat-edc","8":"product_cat-edc-valot","9":"product_cat-paristot","10":"product_cat-valot","12":"first","13":"instock","14":"taxable","15":"shipping-taxable","16":"purchasable","17":"product-type-simple"},"acf":[],"_links":{"self":[{"href":"https:\/\/staging.nbg.eu\/fi\/wp-json\/wp\/v2\/product\/71017","targetHints":{"allow":["GET"]}}],"collection":[{"href":"https:\/\/staging.nbg.eu\/fi\/wp-json\/wp\/v2\/product"}],"about":[{"href":"https:\/\/staging.nbg.eu\/fi\/wp-json\/wp\/v2\/types\/product"}],"wp:featuredmedia":[{"embeddable":true,"href":"https:\/\/staging.nbg.eu\/fi\/wp-json\/wp\/v2\/media\/71018"}],"wp:attachment":[{"href":"https:\/\/staging.nbg.eu\/fi\/wp-json\/wp\/v2\/media?parent=71017"}],"wp:term":[{"taxonomy":"product_brand","embeddable":true,"href":"https:\/\/staging.nbg.eu\/fi\/wp-json\/wp\/v2\/product_brand?post=71017"},{"taxonomy":"product_cat","embeddable":true,"href":"https:\/\/staging.nbg.eu\/fi\/wp-json\/wp\/v2\/product_cat?post=71017"},{"taxonomy":"product_tag","embeddable":true,"href":"https:\/\/staging.nbg.eu\/fi\/wp-json\/wp\/v2\/product_tag?post=71017"}],"curies":[{"name":"wp","href":"https:\/\/api.w.org\/{rel}","templated":true}]}}