{"id":70581,"date":"2023-11-21T14:46:08","date_gmt":"2024-09-20T13:24:43","guid":{"rendered":"https:\/\/staging.nbg.eu\/product\/kmr-l-02-orca\/"},"modified":"2025-02-19T16:04:29","modified_gmt":"2025-02-19T16:04:29","slug":"kmr-l-02-orca","status":"publish","type":"product","link":"https:\/\/staging.nbg.eu\/fi\/tuote\/kmr-l-02-orca\/","title":{"rendered":"KMR L-02 ORCA"},"content":{"rendered":"<div class=\"product-description\">\n<h2>KMR L-02 ORCA: Urheilupistooli &#8211; IPSC Standardi Divisioona<\/h2>\n<p>KMR L-02 ORCA on urheiluammuntaan suunniteltu pistooli. Se on varustettu KMR-lis\u00e4varusteilla ja BRS-piipun vakautusj\u00e4rjestelm\u00e4ll\u00e4.<\/p>\n<h2>Ominaisuudet:<\/h2>\n<ul>\n<li>5&#8243; uritettu piippu<\/li>\n<li>BRS &#8211; Piipun vakautusj\u00e4rjestelm\u00e4 luistissa<\/li>\n<li>CNC-koneistettu ter\u00e4srunko<\/li>\n<li>Vasemman k\u00e4den peukalotuenta<\/li>\n<li>S\u00e4\u00e4dett\u00e4v\u00e4 liipaisin<\/li>\n<li>9&#215;19 kaliiperi, 19+1 patruunan kapasiteetti<\/li>\n<li>CERAKOTE-pintak\u00e4sittely rungossa ja luistissa<\/li>\n<\/ul>\n<h2>Tekniset tiedot:<\/h2>\n<table>\n<tbody>\n<tr>\n<td>Kaliiperi:<\/td>\n<td>9\u00d719<\/td>\n<\/tr>\n<tr>\n<td>Kokonaispituus:<\/td>\n<td>223 mm<\/td>\n<\/tr>\n<tr>\n<td>Piipun pituus:<\/td>\n<td>127 mm<\/td>\n<\/tr>\n<tr>\n<td>Paino (tyhj\u00e4ll\u00e4 lippaalla):<\/td>\n<td>1350 g<\/td>\n<\/tr>\n<tr>\n<td>Laukaisuvastus:<\/td>\n<td>&gt; 13.5 N<\/td>\n<\/tr>\n<\/tbody>\n<\/table>\n<h2>Lis\u00e4ominaisuudet:<\/h2>\n<ul>\n<li>Duralumiini-kahvat<\/li>\n<li>S\u00e4\u00e4dett\u00e4v\u00e4 duralumiininen lippaanvapautin<\/li>\n<li>Laajennettu vasen ja litte\u00e4 oikea manuaalinen varmistin<\/li>\n<li>Kuituoptinen etut\u00e4ht\u00e4in (1 mm) ja s\u00e4\u00e4dett\u00e4v\u00e4 takat\u00e4ht\u00e4in<\/li>\n<li>3 lipasta mukana<\/li>\n<\/ul>\n<p>KMR L-02 ORCA sis\u00e4lt\u00e4\u00e4 pistoolikotelon, puhdistusv\u00e4lineet, \u00f6ljyn, k\u00e4ytt\u00f6ohjeen ja takuukortin.<\/p>\n<\/div>\n","protected":false},"excerpt":{"rendered":"<p>Huipputason urheilupistooli edistyneell\u00e4 vakauttamisella ja mukautettavilla ominaisuuksilla.<\/p>\n","protected":false},"featured_media":93415,"template":"","meta":{"_acf_changed":false},"product_brand":[11494],"product_cat":[13182,13172],"product_tag":[],"class_list":{"0":"post-70581","1":"product","2":"type-product","3":"status-publish","4":"has-post-thumbnail","6":"product_brand-kmr-precision","7":"product_cat-pistooli","8":"product_cat-pistoolit","10":"first","11":"instock","12":"taxable","13":"shipping-taxable","14":"product-type-variable","15":"wvs-archive-product-wrapper"},"acf":[],"_links":{"self":[{"href":"https:\/\/staging.nbg.eu\/fi\/wp-json\/wp\/v2\/product\/70581","targetHints":{"allow":["GET"]}}],"collection":[{"href":"https:\/\/staging.nbg.eu\/fi\/wp-json\/wp\/v2\/product"}],"about":[{"href":"https:\/\/staging.nbg.eu\/fi\/wp-json\/wp\/v2\/types\/product"}],"wp:featuredmedia":[{"embeddable":true,"href":"https:\/\/staging.nbg.eu\/fi\/wp-json\/wp\/v2\/media\/93415"}],"wp:attachment":[{"href":"https:\/\/staging.nbg.eu\/fi\/wp-json\/wp\/v2\/media?parent=70581"}],"wp:term":[{"taxonomy":"product_brand","embeddable":true,"href":"https:\/\/staging.nbg.eu\/fi\/wp-json\/wp\/v2\/product_brand?post=70581"},{"taxonomy":"product_cat","embeddable":true,"href":"https:\/\/staging.nbg.eu\/fi\/wp-json\/wp\/v2\/product_cat?post=70581"},{"taxonomy":"product_tag","embeddable":true,"href":"https:\/\/staging.nbg.eu\/fi\/wp-json\/wp\/v2\/product_tag?post=70581"}],"curies":[{"name":"wp","href":"https:\/\/api.w.org\/{rel}","templated":true}]}}