{"id":69637,"date":"2023-11-22T18:07:20","date_gmt":"2024-09-20T13:15:48","guid":{"rendered":"https:\/\/staging.nbg.eu\/product\/kmr-w-02-umbra\/"},"modified":"2025-02-19T16:12:58","modified_gmt":"2025-02-19T16:12:58","slug":"kmr-w-02-umbra","status":"publish","type":"product","link":"https:\/\/staging.nbg.eu\/fi\/tuote\/kmr-w-02-umbra\/","title":{"rendered":"KMR W-02 UMBRA"},"content":{"rendered":"<div class=\"product-description\">\n<h2>KMR W-02 UMBRA: IDPA-divisioonat<\/h2>\n<p>KMR W-02 UMBRA on kompakti pistooli, joka on suunniteltu tarkkuutta vaativille ampujille.<\/p>\n<h2>Ominaisuudet:<\/h2>\n<ul>\n<li>4,5&#8243; uritettu, kiillotettu piippu tarkkuutta ja l\u00e4mm\u00f6n johtumista varten<\/li>\n<li>BRS \u2013 Piipun vakautusj\u00e4rjestelm\u00e4 luistissa<\/li>\n<li>CNC-koneistettu ter\u00e4srunko<\/li>\n<li>SA\/DA-liipaisinmekanismi lyhyell\u00e4 palautuksella<\/li>\n<li>16+1 patruunan kapasiteetti<\/li>\n<li>CERAKOTE-pintak\u00e4sittely rungossa ja luistissa<\/li>\n<\/ul>\n<h2>Ergonomia ja muokattavuus:<\/h2>\n<ul>\n<li>Duralumiiniset kahvat<\/li>\n<li>S\u00e4\u00e4dett\u00e4v\u00e4 duralumiininen lippaanvapautin<\/li>\n<li>Pidennetty vasen ja litte\u00e4 oikea manuaalinen varmistin<\/li>\n<li>Valokuituetut\u00e4ht\u00e4in (1 mm)<\/li>\n<li>Sivu- ja korkeuss\u00e4\u00e4dett\u00e4v\u00e4 takat\u00e4ht\u00e4in<\/li>\n<\/ul>\n<h2>Tekniset tiedot:<\/h2>\n<ul>\n<li>Kaliiperi: 9\u00d719, 9\u00d721<\/li>\n<li>Kokonaispituus: 208 mm<\/li>\n<li>Piipun pituus: 114 mm<\/li>\n<li>Paino (tyhj\u00e4ll\u00e4 lippaalla): 1280 g<\/li>\n<li>Liipaisimen vetopaino: 17,5 N (SA) \/ 45 N (DA)<\/li>\n<\/ul>\n<p>KMR W-02 UMBRA on suunniteltu kilpa-ampujille ja harrastajille. Se tarjoaa tarkkuutta ja hallintaa BRS-piipun vakautusj\u00e4rjestelm\u00e4n ja korkealaatuisten komponenttien ansiosta.<\/p>\n<p>KMR W-02 UMBRA toimitetaan 3 lippaalla, KMR-pistoolikotelolla, puhdistussarjalla, KMR-\u00f6ljyll\u00e4, k\u00e4ytt\u00f6ohjeella ja takuukortilla.<\/p>\n<\/div>\n","protected":false},"excerpt":{"rendered":"<p>Tehokas, tarkka KMR W-02 UMBRA: Kompakti 9mm BRS-vakautuksella.<\/p>\n","protected":false},"featured_media":69638,"template":"","meta":{"_acf_changed":false},"product_brand":[11494],"product_cat":[13182,13172],"product_tag":[],"class_list":{"0":"post-69637","1":"product","2":"type-product","3":"status-publish","4":"has-post-thumbnail","6":"product_brand-kmr-precision","7":"product_cat-pistooli","8":"product_cat-pistoolit","10":"first","11":"instock","12":"taxable","13":"shipping-taxable","14":"product-type-simple"},"acf":[],"_links":{"self":[{"href":"https:\/\/staging.nbg.eu\/fi\/wp-json\/wp\/v2\/product\/69637","targetHints":{"allow":["GET"]}}],"collection":[{"href":"https:\/\/staging.nbg.eu\/fi\/wp-json\/wp\/v2\/product"}],"about":[{"href":"https:\/\/staging.nbg.eu\/fi\/wp-json\/wp\/v2\/types\/product"}],"wp:featuredmedia":[{"embeddable":true,"href":"https:\/\/staging.nbg.eu\/fi\/wp-json\/wp\/v2\/media\/69638"}],"wp:attachment":[{"href":"https:\/\/staging.nbg.eu\/fi\/wp-json\/wp\/v2\/media?parent=69637"}],"wp:term":[{"taxonomy":"product_brand","embeddable":true,"href":"https:\/\/staging.nbg.eu\/fi\/wp-json\/wp\/v2\/product_brand?post=69637"},{"taxonomy":"product_cat","embeddable":true,"href":"https:\/\/staging.nbg.eu\/fi\/wp-json\/wp\/v2\/product_cat?post=69637"},{"taxonomy":"product_tag","embeddable":true,"href":"https:\/\/staging.nbg.eu\/fi\/wp-json\/wp\/v2\/product_tag?post=69637"}],"curies":[{"name":"wp","href":"https:\/\/api.w.org\/{rel}","templated":true}]}}