{"id":68927,"date":"2023-11-26T17:56:23","date_gmt":"2023-11-26T17:56:23","guid":{"rendered":"https:\/\/staging.nbg.eu\/product\/geissele-super-duty-rifle-14-5-5-56mm-luna-black\/"},"modified":"2024-09-27T10:20:12","modified_gmt":"2024-09-27T10:20:12","slug":"geissele-super-duty-kivaeaeri-145-556mm-luna-musta","status":"publish","type":"product","link":"https:\/\/staging.nbg.eu\/fi\/tuote\/geissele-super-duty-kivaeaeri-145-556mm-luna-musta\/","title":{"rendered":"Geissele Super Duty Kiv\u00e4\u00e4ri, 14.5&#8243;, 5.56MM &#8211; Luna Musta"},"content":{"rendered":"<h2>Geissele Super Duty &#8211; 14,5&#8243; 5,56MM<\/h2>\n<p>Geissele Super Duty on 14,5-tuumainen 5,56 NATO -ase, joka yhdist\u00e4\u00e4 nykyaikaista teknologiaa ja tarkkaa valmistusta.<\/p>\n<h2>T\u00e4rkeimm\u00e4t ominaisuudet:<\/h2>\n<ul>\n<li>14,5&#8243; kylm\u00e4taottu, kromattu piippu (1:7&#8243; rihlaus)<\/li>\n<li>Valmistettu Geisselen tehtaalla North Walesissa, Pennsylvaniassa<\/li>\n<li>Karabiinipituinen kaasuj\u00e4rjestelm\u00e4 ja kompakti kaasuportti<\/li>\n<li>14&#8243; SMR MK14.5 modulaarinen kisko M-LOK-yhteensopivuudella<\/li>\n<li>7075-T6 alumiininen alalukkorunko Ultra Duty -osilla<\/li>\n<li>Molempik\u00e4tinen s\u00e4\u00e4dett\u00e4v\u00e4 varmistin<\/li>\n<li>Super-42 toimintajousi ja H3-puskuri<\/li>\n<\/ul>\n<h2>Tekniset tiedot:<\/h2>\n<ul>\n<li>Kaliiperi: 5,56 NATO<\/li>\n<li>Piippu: Geissele kylm\u00e4taottu, kromattu, 1\/7 rihlaus<\/li>\n<li>Rungot: Taottu 7075-T6, tyypin III kova anodisointi<\/li>\n<li>Lukkokehys: REBCG (Reliability Enhanced Bolt Carrier Group)<\/li>\n<li>Liipaisin: SSA-X Lightning Bow -kaarella<\/li>\n<li>Suujarru: Geissele Sparkout -liekinvaimennin<\/li>\n<li>Latausvipu: Airborne<\/li>\n<li>V\u00e4ri: DDC (Desert Dirt Color)*<\/li>\n<\/ul>\n<p><em>*Huomio: DDC-anodisoinnin s\u00e4vy voi vaihdella<\/em><\/p>\n<p>Geissele Super Duty -kiv\u00e4\u00e4ri on tarkka ja luotettava kompakti ase.<\/p>\n","protected":false},"excerpt":{"rendered":"<p>Geissele Super Duty: 14,5 tuuman 5,56 mm, edistynytt\u00e4 teknologiaa, tarkkuusvalmistettu.<\/p>\n","protected":false},"featured_media":68928,"template":"","meta":{"_acf_changed":false},"product_brand":[11378],"product_cat":[13222,13225],"product_tag":[],"class_list":{"0":"post-68927","1":"product","2":"type-product","3":"status-publish","4":"has-post-thumbnail","6":"product_brand-geissele","7":"product_cat-karbiinit","8":"product_cat-kivaeaeri","10":"first","11":"outofstock","12":"taxable","13":"shipping-taxable","14":"product-type-simple"},"acf":[],"_links":{"self":[{"href":"https:\/\/staging.nbg.eu\/fi\/wp-json\/wp\/v2\/product\/68927","targetHints":{"allow":["GET"]}}],"collection":[{"href":"https:\/\/staging.nbg.eu\/fi\/wp-json\/wp\/v2\/product"}],"about":[{"href":"https:\/\/staging.nbg.eu\/fi\/wp-json\/wp\/v2\/types\/product"}],"wp:featuredmedia":[{"embeddable":true,"href":"https:\/\/staging.nbg.eu\/fi\/wp-json\/wp\/v2\/media\/68928"}],"wp:attachment":[{"href":"https:\/\/staging.nbg.eu\/fi\/wp-json\/wp\/v2\/media?parent=68927"}],"wp:term":[{"taxonomy":"product_brand","embeddable":true,"href":"https:\/\/staging.nbg.eu\/fi\/wp-json\/wp\/v2\/product_brand?post=68927"},{"taxonomy":"product_cat","embeddable":true,"href":"https:\/\/staging.nbg.eu\/fi\/wp-json\/wp\/v2\/product_cat?post=68927"},{"taxonomy":"product_tag","embeddable":true,"href":"https:\/\/staging.nbg.eu\/fi\/wp-json\/wp\/v2\/product_tag?post=68927"}],"curies":[{"name":"wp","href":"https:\/\/api.w.org\/{rel}","templated":true}]}}