{"id":68703,"date":"2023-11-26T20:00:44","date_gmt":"2024-09-20T12:57:30","guid":{"rendered":"https:\/\/staging.nbg.eu\/product\/geissele-super-duty-mod1-rifle-16-5-56mm-ddc\/"},"modified":"2024-09-27T10:14:28","modified_gmt":"2024-09-27T10:14:28","slug":"geissele-super-duty-kivaeaeri-16-556mm-ddc","status":"publish","type":"product","link":"https:\/\/staging.nbg.eu\/fi\/tuote\/geissele-super-duty-kivaeaeri-16-556mm-ddc\/","title":{"rendered":"Geissele Super Duty, Kiv\u00e4\u00e4ri, 16&#8243;, 5.56MM-DDC"},"content":{"rendered":"<h2>Geissele Super Duty -kiv\u00e4\u00e4ri &#8211; 16&#8243; 5.56MM<\/h2>\n<p>Geissele Super Duty on 16-tuumainen 5,56 NATO -kiv\u00e4\u00e4ri, joka yhdist\u00e4\u00e4 kehittynytt\u00e4 teknologiaa ja valmistustaitoa.<\/p>\n<h2>T\u00e4rkeimm\u00e4t ominaisuudet:<\/h2>\n<ul>\n<li>16&#8243; kylm\u00e4taottu, kromattu piippu (1:7&#8243; kierre)<\/li>\n<li>Valmistettu Geisselen tehtaalla North Walesissa, Pennsylvaniassa<\/li>\n<li>Karbiinipituinen kaasuj\u00e4rjestelm\u00e4 Super Compact -kaasuportilla<\/li>\n<li>15&#8243; SMR MK16 modulaarinen kisko M-LOK-yhteensopivuudella<\/li>\n<li>7075-T6 alumiininen alaosa Ultra Duty -osasarjalla<\/li>\n<li>Molempik\u00e4tinen Super Configurable -varmistin<\/li>\n<li>Super-42 toimintajousi ja H3-puskuri<\/li>\n<\/ul>\n<h2>Tekniset tiedot:<\/h2>\n<ul>\n<li>Kaliiperi: 5,56 NATO<\/li>\n<li>Piippu: Geissele kylm\u00e4taottu, kromattu, 1\/7 kierre<\/li>\n<li>Runko-osat: Taottu 7075-T6, tyypin III kova anodisointi<\/li>\n<li>Lukkokehys: REBCG (Reliability Enhanced Bolt Carrier Group)<\/li>\n<li>Liipaisin: SSA-X Lightning Bow -kaarella<\/li>\n<li>Suujarru: Geissele Sparkout -suuliekins\u00e4\u00e4t\u00e4j\u00e4<\/li>\n<li>Latausvipu: Airborne<\/li>\n<li>V\u00e4ri: DDC (Desert Dirt Color)*<\/li>\n<\/ul>\n<p><em>*Huomautus: DDC-anodisoinnin s\u00e4vy voi vaihdella<\/em><\/p>\n<p>Geissele Super Duty -kiv\u00e4\u00e4ri on tarkka ja luotettava kompakti ase.<\/p>\n","protected":false},"excerpt":{"rendered":"<p>Geissele Super Duty: 16&#8243; 5,56 mm, edistynytt\u00e4 teknologiaa, tarkasti valmistettu.<\/p>\n","protected":false},"featured_media":68704,"template":"","meta":{"_acf_changed":false},"product_brand":[11378],"product_cat":[13222,13225,13210],"product_tag":[],"class_list":{"0":"post-68703","1":"product","2":"type-product","3":"status-publish","4":"has-post-thumbnail","6":"product_brand-geissele","7":"product_cat-karbiinit","8":"product_cat-kivaeaeri","9":"product_cat-lisensoitu","11":"first","12":"instock","13":"taxable","14":"shipping-taxable","15":"product-type-simple"},"acf":[],"_links":{"self":[{"href":"https:\/\/staging.nbg.eu\/fi\/wp-json\/wp\/v2\/product\/68703","targetHints":{"allow":["GET"]}}],"collection":[{"href":"https:\/\/staging.nbg.eu\/fi\/wp-json\/wp\/v2\/product"}],"about":[{"href":"https:\/\/staging.nbg.eu\/fi\/wp-json\/wp\/v2\/types\/product"}],"wp:featuredmedia":[{"embeddable":true,"href":"https:\/\/staging.nbg.eu\/fi\/wp-json\/wp\/v2\/media\/68704"}],"wp:attachment":[{"href":"https:\/\/staging.nbg.eu\/fi\/wp-json\/wp\/v2\/media?parent=68703"}],"wp:term":[{"taxonomy":"product_brand","embeddable":true,"href":"https:\/\/staging.nbg.eu\/fi\/wp-json\/wp\/v2\/product_brand?post=68703"},{"taxonomy":"product_cat","embeddable":true,"href":"https:\/\/staging.nbg.eu\/fi\/wp-json\/wp\/v2\/product_cat?post=68703"},{"taxonomy":"product_tag","embeddable":true,"href":"https:\/\/staging.nbg.eu\/fi\/wp-json\/wp\/v2\/product_tag?post=68703"}],"curies":[{"name":"wp","href":"https:\/\/api.w.org\/{rel}","templated":true}]}}