{"id":68322,"date":"2023-12-10T10:23:45","date_gmt":"2023-12-10T10:23:45","guid":{"rendered":"https:\/\/staging.nbg.eu\/product\/alg-defense-el-jefe-16-5-56mm-black\/"},"modified":"2025-02-07T08:22:31","modified_gmt":"2025-02-07T08:22:31","slug":"alg-defense-el-jefe-16-556mm-musta","status":"publish","type":"product","link":"https:\/\/staging.nbg.eu\/fi\/tuote\/alg-defense-el-jefe-16-556mm-musta\/","title":{"rendered":"ALG Defense El Jefe, 16&#8243;, 5.56MM &#8211; Musta"},"content":{"rendered":"<h2>ALG Defense El Jefe, 16&#8243;, 5,56MM &#8211; Musta<\/h2>\n<p>ALG Defense El Jefe -kiv\u00e4\u00e4ri on Mil-Spec-luokan kiv\u00e4\u00e4ri. T\u00e4m\u00e4 t\u00e4ydellinen kiv\u00e4\u00e4rij\u00e4rjestelm\u00e4 sis\u00e4lt\u00e4\u00e4 hihnan ja Warner &amp; Swasey -punapistet\u00e4ht\u00e4imen.<\/p>\n<h2>Ominaisuudet:<\/h2>\n<ul>\n<li>7075 alumiinista valmistetut vastaanottajat, taottu ja CNC-koneistettu<\/li>\n<li>Mil-Spec Type 3 anodisoitu mattamusta pinta<\/li>\n<li>ALG V3X -etutuki M-LOK-kiinnitysmahdollisuuksilla<\/li>\n<li>B5 Systems SOPMOD -per\u00e4<\/li>\n<li>Geissele Super 42 -puskurijousi ja H1-puskuri<\/li>\n<li>Mil-Spec-lukkokehys kovakromatulla pinnoitteella<\/li>\n<li>ALG Defense Advanced Combat Trigger (ACT)<\/li>\n<li>Uritettu, kromipinnoitettu piippu 5,56 NATO -kammiolla<\/li>\n<li>Geissele-kaasulohko ja pidennetty keskipitk\u00e4 kaasuputki<\/li>\n<li>Sis\u00e4lt\u00e4\u00e4 M4-karbiinihihnan ja QD-kiinnikkeet<\/li>\n<li>Warner and Swasey 3 MOA -punapistet\u00e4ht\u00e4in integroiduilla varat\u00e4ht\u00e4imill\u00e4<\/li>\n<\/ul>\n<p>El Jefe yhdist\u00e4\u00e4 laadukkaat komponentit tarjoten luotettavan, tarkan ja kest\u00e4v\u00e4n kiv\u00e4\u00e4rin urheiluammuntaan, lainvalvontaan ja kodin puolustukseen.<\/p>\n","protected":false},"excerpt":{"rendered":"<p>ALG Defense El Jefe: Korkealaatuinen 5,56 mm:n AR-15 ensiluokkaisilla ominaisuuksilla.<\/p>\n","protected":false},"featured_media":68323,"template":"","meta":{"_acf_changed":false},"product_brand":[11378],"product_cat":[13222,13225],"product_tag":[],"class_list":{"0":"post-68322","1":"product","2":"type-product","3":"status-publish","4":"has-post-thumbnail","6":"product_brand-geissele","7":"product_cat-karbiinit","8":"product_cat-kivaeaeri","10":"first","11":"instock","12":"taxable","13":"shipping-taxable","14":"product-type-simple"},"acf":[],"_links":{"self":[{"href":"https:\/\/staging.nbg.eu\/fi\/wp-json\/wp\/v2\/product\/68322","targetHints":{"allow":["GET"]}}],"collection":[{"href":"https:\/\/staging.nbg.eu\/fi\/wp-json\/wp\/v2\/product"}],"about":[{"href":"https:\/\/staging.nbg.eu\/fi\/wp-json\/wp\/v2\/types\/product"}],"wp:featuredmedia":[{"embeddable":true,"href":"https:\/\/staging.nbg.eu\/fi\/wp-json\/wp\/v2\/media\/68323"}],"wp:attachment":[{"href":"https:\/\/staging.nbg.eu\/fi\/wp-json\/wp\/v2\/media?parent=68322"}],"wp:term":[{"taxonomy":"product_brand","embeddable":true,"href":"https:\/\/staging.nbg.eu\/fi\/wp-json\/wp\/v2\/product_brand?post=68322"},{"taxonomy":"product_cat","embeddable":true,"href":"https:\/\/staging.nbg.eu\/fi\/wp-json\/wp\/v2\/product_cat?post=68322"},{"taxonomy":"product_tag","embeddable":true,"href":"https:\/\/staging.nbg.eu\/fi\/wp-json\/wp\/v2\/product_tag?post=68322"}],"curies":[{"name":"wp","href":"https:\/\/api.w.org\/{rel}","templated":true}]}}