{"id":68089,"date":"2024-01-30T18:09:06","date_gmt":"2024-09-20T12:20:02","guid":{"rendered":"https:\/\/staging.nbg.eu\/product\/surefire-m640dft-pro\/"},"modified":"2024-09-20T12:20:54","modified_gmt":"2024-09-20T12:20:54","slug":"surefire-m640dft-pro","status":"publish","type":"product","link":"https:\/\/staging.nbg.eu\/fi\/tuote\/surefire-m640dft-pro\/","title":{"rendered":"SureFire M640DFT-PRO"},"content":{"rendered":"<div class=\"product-description\">\n<h2>SureFire M640DFT-PRO Turbo Scout Light Pro<\/h2>\n<p>M640DFT-PRO Turbo Scout Light Pro -valaisimen ominaisuudet:<\/p>\n<ul>\n<li>100 000 candelan huippuintensiteetti SF18650B-akulla<\/li>\n<li>Turbo-valokuvio pitk\u00e4n matkan kohteen tunnistamiseen<\/li>\n<li>Matalaprofiilinen kiinnitys (MIL-STD-1913 ja M-LOK yhteensopiva)<\/li>\n<li>K\u00e4ytt\u00e4\u00e4 SF18650B-akkua tai kahta 123A-litiumparistoa<\/li>\n<li>Kest\u00e4v\u00e4 rakenne ja et\u00e4kytkent\u00e4mahdollisuudet<\/li>\n<\/ul>\n<p>Valmistettu kevyest\u00e4 lentokonealumiinista ja anodisoitu sotilasstandardin mukaisesti. O-renkaalla tiivistetty asevalaisin pitk\u00e4n kantaman sovelluksiin.<\/p>\n<\/div>\n","protected":false},"excerpt":{"rendered":"<p>Tehokas taktinen valaisin 100 000 kandelan s\u00e4teell\u00e4 pitk\u00e4n matkan k\u00e4ytt\u00f6\u00f6n.<\/p>\n","protected":false},"featured_media":68090,"template":"","meta":{"_acf_changed":false},"product_brand":[11869],"product_cat":[13225,13176,13216],"product_tag":[],"class_list":{"0":"post-68089","1":"product","2":"type-product","3":"status-publish","4":"has-post-thumbnail","6":"product_brand-surefire","7":"product_cat-kivaeaeri","8":"product_cat-kivaeaerin-valot","9":"product_cat-valot","11":"first","12":"instock","13":"taxable","14":"shipping-taxable","15":"purchasable","16":"product-type-variable","17":"wvs-archive-product-wrapper"},"acf":[],"_links":{"self":[{"href":"https:\/\/staging.nbg.eu\/fi\/wp-json\/wp\/v2\/product\/68089","targetHints":{"allow":["GET"]}}],"collection":[{"href":"https:\/\/staging.nbg.eu\/fi\/wp-json\/wp\/v2\/product"}],"about":[{"href":"https:\/\/staging.nbg.eu\/fi\/wp-json\/wp\/v2\/types\/product"}],"wp:featuredmedia":[{"embeddable":true,"href":"https:\/\/staging.nbg.eu\/fi\/wp-json\/wp\/v2\/media\/68090"}],"wp:attachment":[{"href":"https:\/\/staging.nbg.eu\/fi\/wp-json\/wp\/v2\/media?parent=68089"}],"wp:term":[{"taxonomy":"product_brand","embeddable":true,"href":"https:\/\/staging.nbg.eu\/fi\/wp-json\/wp\/v2\/product_brand?post=68089"},{"taxonomy":"product_cat","embeddable":true,"href":"https:\/\/staging.nbg.eu\/fi\/wp-json\/wp\/v2\/product_cat?post=68089"},{"taxonomy":"product_tag","embeddable":true,"href":"https:\/\/staging.nbg.eu\/fi\/wp-json\/wp\/v2\/product_tag?post=68089"}],"curies":[{"name":"wp","href":"https:\/\/api.w.org\/{rel}","templated":true}]}}