{"id":67808,"date":"2024-01-13T10:41:33","date_gmt":"2024-09-20T12:17:35","guid":{"rendered":"https:\/\/staging.nbg.eu\/product\/surefire-m340dft-pro\/"},"modified":"2024-09-20T12:18:26","modified_gmt":"2024-09-20T12:18:26","slug":"surefire-m340dft-pro","status":"publish","type":"product","link":"https:\/\/staging.nbg.eu\/fi\/tuote\/surefire-m340dft-pro\/","title":{"rendered":"SureFire M340DFT-PRO"},"content":{"rendered":"<div class=\"product-description\">\n<h2>SureFire M340DFT-PRO Turbo Mini Scout Light Pro<\/h2>\n<p>M340DFT-PRO:n ominaisuudet:<\/p>\n<ul>\n<li>95 000 candelan huippuintensiteetti mukana tulevalla SF18350-akulla<\/li>\n<li>Turbo-valokuvio pitk\u00e4n matkan kohteen tunnistamiseen<\/li>\n<li>Matalaprofiilinen kiinnike asemoinnille<\/li>\n<li>Kaksoispolttoaineominaisuus: SF18350 ladattava tai 123A litiumparisto<\/li>\n<li>Kest\u00e4vyys ja kattavat et\u00e4kytkent\u00e4vaihtoehdot<\/li>\n<\/ul>\n<p>M340DFT-PRO:n tarkka heijastin tuottaa keskitetyn valon pitk\u00e4n kantaman k\u00e4ytt\u00f6\u00f6n. Valmistettu lentokonealumiinista ja anodisoitu Mil-Spec-standardin mukaisesti, t\u00e4m\u00e4 asevalo on suunniteltu kest\u00e4m\u00e4\u00e4n vaativia olosuhteita.<\/p>\n<\/div>\n","protected":false},"excerpt":{"rendered":"<p>Kompakti, tehokas asevalo 95 000 kandelan huippus\u00e4teen intensiteetill\u00e4.<\/p>\n","protected":false},"featured_media":67809,"template":"","meta":{"_acf_changed":false},"product_brand":[11869],"product_cat":[13225,13176,13216],"product_tag":[],"class_list":{"0":"post-67808","1":"product","2":"type-product","3":"status-publish","4":"has-post-thumbnail","6":"product_brand-surefire","7":"product_cat-kivaeaeri","8":"product_cat-kivaeaerin-valot","9":"product_cat-valot","11":"first","12":"instock","13":"taxable","14":"shipping-taxable","15":"purchasable","16":"product-type-variable","17":"wvs-archive-product-wrapper"},"acf":[],"_links":{"self":[{"href":"https:\/\/staging.nbg.eu\/fi\/wp-json\/wp\/v2\/product\/67808","targetHints":{"allow":["GET"]}}],"collection":[{"href":"https:\/\/staging.nbg.eu\/fi\/wp-json\/wp\/v2\/product"}],"about":[{"href":"https:\/\/staging.nbg.eu\/fi\/wp-json\/wp\/v2\/types\/product"}],"wp:featuredmedia":[{"embeddable":true,"href":"https:\/\/staging.nbg.eu\/fi\/wp-json\/wp\/v2\/media\/67809"}],"wp:attachment":[{"href":"https:\/\/staging.nbg.eu\/fi\/wp-json\/wp\/v2\/media?parent=67808"}],"wp:term":[{"taxonomy":"product_brand","embeddable":true,"href":"https:\/\/staging.nbg.eu\/fi\/wp-json\/wp\/v2\/product_brand?post=67808"},{"taxonomy":"product_cat","embeddable":true,"href":"https:\/\/staging.nbg.eu\/fi\/wp-json\/wp\/v2\/product_cat?post=67808"},{"taxonomy":"product_tag","embeddable":true,"href":"https:\/\/staging.nbg.eu\/fi\/wp-json\/wp\/v2\/product_tag?post=67808"}],"curies":[{"name":"wp","href":"https:\/\/api.w.org\/{rel}","templated":true}]}}