{"id":67569,"date":"2024-01-13T11:48:33","date_gmt":"2024-01-13T11:48:33","guid":{"rendered":"https:\/\/staging.nbg.eu\/product\/surefire-m340v-pro\/"},"modified":"2024-09-20T12:15:57","modified_gmt":"2024-09-20T12:15:57","slug":"surefire-m340v-pro","status":"publish","type":"product","link":"https:\/\/staging.nbg.eu\/fi\/tuote\/surefire-m340v-pro\/","title":{"rendered":"SureFire M340V-PRO"},"content":{"rendered":"<div class=\"product-description\">\n<h2>Mini Scout Light Pro Infrapuna<\/h2>\n<p>Yhden kennon Scout Light Pro. T\u00e4m\u00e4 monik\u00e4ytt\u00f6inen valaisin tarjoaa:<\/p>\n<ul>\n<li>250 lumenia valkoista valoa ja 100 mW infrapunavaloa<\/li>\n<li>Hybridivalokuvio keskipitk\u00e4n ja pitk\u00e4n matkan tunnistamiseen ja tilannetietoisuuteen<\/li>\n<li>Uusi matalaprofiilinen kiinnitys optimaaliseen sijoittamiseen ja lis\u00e4varusteiden yhteensopivuuteen<\/li>\n<li>Helppo tilanvaihto valkoisen valon, pois p\u00e4\u00e4lt\u00e4 -tilan ja infrapunan v\u00e4lill\u00e4<\/li>\n<li>Kest\u00e4v\u00e4 ilmailuluokan alumiinirakenne sotilasluokan kovalla anodisoinnilla<\/li>\n<li>Toimii yhdell\u00e4 123A litiumparistolla<\/li>\n<li>Yhteensopiva MIL-STD-1913 ja M-LOK -kiskojen kanssa<\/li>\n<\/ul>\n<p>Suunniteltu kest\u00e4m\u00e4\u00e4n taisteluolosuhteita, t\u00e4m\u00e4 kompakti valaisin sopii h\u00e4m\u00e4r\u00e4n ja pime\u00e4n olosuhteisiin.<\/p>\n<\/div>\n","protected":false},"excerpt":{"rendered":"<p>Kompakti taktinen valo, jossa on 250 lumenin valkoinen ja 100 mW:n infrapunavalo.<\/p>\n","protected":false},"featured_media":67570,"template":"","meta":{"_acf_changed":false},"product_brand":[11869],"product_cat":[13225,13176,13216],"product_tag":[],"class_list":{"0":"post-67569","1":"product","2":"type-product","3":"status-publish","4":"has-post-thumbnail","6":"product_brand-surefire","7":"product_cat-kivaeaeri","8":"product_cat-kivaeaerin-valot","9":"product_cat-valot","11":"first","12":"instock","13":"taxable","14":"shipping-taxable","15":"purchasable","16":"product-type-simple"},"acf":[],"_links":{"self":[{"href":"https:\/\/staging.nbg.eu\/fi\/wp-json\/wp\/v2\/product\/67569","targetHints":{"allow":["GET"]}}],"collection":[{"href":"https:\/\/staging.nbg.eu\/fi\/wp-json\/wp\/v2\/product"}],"about":[{"href":"https:\/\/staging.nbg.eu\/fi\/wp-json\/wp\/v2\/types\/product"}],"wp:featuredmedia":[{"embeddable":true,"href":"https:\/\/staging.nbg.eu\/fi\/wp-json\/wp\/v2\/media\/67570"}],"wp:attachment":[{"href":"https:\/\/staging.nbg.eu\/fi\/wp-json\/wp\/v2\/media?parent=67569"}],"wp:term":[{"taxonomy":"product_brand","embeddable":true,"href":"https:\/\/staging.nbg.eu\/fi\/wp-json\/wp\/v2\/product_brand?post=67569"},{"taxonomy":"product_cat","embeddable":true,"href":"https:\/\/staging.nbg.eu\/fi\/wp-json\/wp\/v2\/product_cat?post=67569"},{"taxonomy":"product_tag","embeddable":true,"href":"https:\/\/staging.nbg.eu\/fi\/wp-json\/wp\/v2\/product_tag?post=67569"}],"curies":[{"name":"wp","href":"https:\/\/api.w.org\/{rel}","templated":true}]}}