{"id":67450,"date":"2024-01-13T12:03:58","date_gmt":"2024-09-20T12:07:44","guid":{"rendered":"https:\/\/staging.nbg.eu\/product\/surefire-ds00\/"},"modified":"2024-09-20T12:08:34","modified_gmt":"2024-09-20T12:08:34","slug":"surefire-ds00","status":"publish","type":"product","link":"https:\/\/staging.nbg.eu\/fi\/tuote\/surefire-ds00\/","title":{"rendered":"SureFire DS00"},"content":{"rendered":"<p>\nSureFire DS00 on vesitiivis katkaisinosa useimmille Scout Light\u00ae -asevaloille. Ominaisuudet:<\/p>\n<ul>\n<li>Itsen\u00e4inen integroitu ja et\u00e4k\u00e4ytt\u00f6inen kytkintoiminta<\/li>\n<li>Yhteensopivuus erilaisten SureFire-et\u00e4kytkinten kanssa<\/li>\n<li>Painonappi p\u00e4\u00e4lle\/pois -kytkimell\u00e4<\/li>\n<li>J\u00e4rjestelm\u00e4n poistokytkent\u00e4ominaisuus<\/li>\n<li>Kytkimen varmennus luotettavuuden vuoksi<\/li>\n<\/ul>\n<p>DS00 parantaa asevalosi toiminnallisuutta (Ei yhteensopiva Micro Scout Light Pro:n kanssa).<\/p>\n","protected":false},"excerpt":{"rendered":"<p>Monipuolinen kytkin SureFire-asevaloille kahdella k\u00e4ytt\u00f6tilalla.<\/p>\n","protected":false},"featured_media":67451,"template":"","meta":{"_acf_changed":false},"product_brand":[11869],"product_cat":[13225,13216,13240],"product_tag":[],"class_list":{"0":"post-67450","1":"product","2":"type-product","3":"status-publish","4":"has-post-thumbnail","6":"product_brand-surefire","7":"product_cat-kivaeaeri","8":"product_cat-valot","9":"product_cat-valotarvikkeet","11":"first","12":"instock","13":"taxable","14":"shipping-taxable","15":"purchasable","16":"product-type-variable","17":"wvs-archive-product-wrapper"},"acf":[],"_links":{"self":[{"href":"https:\/\/staging.nbg.eu\/fi\/wp-json\/wp\/v2\/product\/67450","targetHints":{"allow":["GET"]}}],"collection":[{"href":"https:\/\/staging.nbg.eu\/fi\/wp-json\/wp\/v2\/product"}],"about":[{"href":"https:\/\/staging.nbg.eu\/fi\/wp-json\/wp\/v2\/types\/product"}],"wp:featuredmedia":[{"embeddable":true,"href":"https:\/\/staging.nbg.eu\/fi\/wp-json\/wp\/v2\/media\/67451"}],"wp:attachment":[{"href":"https:\/\/staging.nbg.eu\/fi\/wp-json\/wp\/v2\/media?parent=67450"}],"wp:term":[{"taxonomy":"product_brand","embeddable":true,"href":"https:\/\/staging.nbg.eu\/fi\/wp-json\/wp\/v2\/product_brand?post=67450"},{"taxonomy":"product_cat","embeddable":true,"href":"https:\/\/staging.nbg.eu\/fi\/wp-json\/wp\/v2\/product_cat?post=67450"},{"taxonomy":"product_tag","embeddable":true,"href":"https:\/\/staging.nbg.eu\/fi\/wp-json\/wp\/v2\/product_tag?post=67450"}],"curies":[{"name":"wp","href":"https:\/\/api.w.org\/{rel}","templated":true}]}}