{"id":67364,"date":"2024-01-13T12:20:15","date_gmt":"2024-09-20T12:06:24","guid":{"rendered":"https:\/\/staging.nbg.eu\/product\/surefire-ue-sr07-scout-light-remote-switch\/"},"modified":"2024-09-20T12:07:14","modified_gmt":"2024-09-20T12:07:14","slug":"surefire-ue-sr07-scout-light-kaukokytkin","status":"publish","type":"product","link":"https:\/\/staging.nbg.eu\/fi\/tuote\/surefire-ue-sr07-scout-light-kaukokytkin\/","title":{"rendered":"SureFire UE-SR07 Scout Light Kaukokytkin"},"content":{"rendered":"<p>\nSureFire UE-SR07 SCOUT LIGHT -kaukos\u00e4\u00e4din tarjoaa:<\/p>\n<ul>\n<li>Liitett\u00e4v\u00e4 SR07-kaukos\u00e4\u00e4din, jossa on hetkellinen painike ja p\u00e4\u00e4lle\/pois-kytkin<\/li>\n<li>MIL-STD-1913 yhteensopiva kotelo<\/li>\n<li>Painikealusta kiinnittyy Picatinny-kiskoihin<\/li>\n<li>J\u00e4rjestelm\u00e4n poiskytkent\u00e4ominaisuus<\/li>\n<li>T\u00e4ydellinen kytkent\u00e4mahdollisuus UE-takakannen kanssa<\/li>\n<\/ul>\n","protected":false},"excerpt":{"rendered":"<p>Kauko-ohjain SureFire Scout -valaisimelle: Hetkellinen ja jatkuva valo -s\u00e4\u00e4t\u00f6.<\/p>\n","protected":false},"featured_media":67365,"template":"","meta":{"_acf_changed":false},"product_brand":[11869],"product_cat":[],"product_tag":[],"class_list":{"0":"post-67364","1":"product","2":"type-product","3":"status-publish","4":"has-post-thumbnail","6":"product_brand-surefire","8":"first","9":"outofstock","10":"taxable","11":"shipping-taxable","12":"product-type-variable","13":"wvs-archive-product-wrapper"},"acf":[],"_links":{"self":[{"href":"https:\/\/staging.nbg.eu\/fi\/wp-json\/wp\/v2\/product\/67364","targetHints":{"allow":["GET"]}}],"collection":[{"href":"https:\/\/staging.nbg.eu\/fi\/wp-json\/wp\/v2\/product"}],"about":[{"href":"https:\/\/staging.nbg.eu\/fi\/wp-json\/wp\/v2\/types\/product"}],"wp:featuredmedia":[{"embeddable":true,"href":"https:\/\/staging.nbg.eu\/fi\/wp-json\/wp\/v2\/media\/67365"}],"wp:attachment":[{"href":"https:\/\/staging.nbg.eu\/fi\/wp-json\/wp\/v2\/media?parent=67364"}],"wp:term":[{"taxonomy":"product_brand","embeddable":true,"href":"https:\/\/staging.nbg.eu\/fi\/wp-json\/wp\/v2\/product_brand?post=67364"},{"taxonomy":"product_cat","embeddable":true,"href":"https:\/\/staging.nbg.eu\/fi\/wp-json\/wp\/v2\/product_cat?post=67364"},{"taxonomy":"product_tag","embeddable":true,"href":"https:\/\/staging.nbg.eu\/fi\/wp-json\/wp\/v2\/product_tag?post=67364"}],"curies":[{"name":"wp","href":"https:\/\/api.w.org\/{rel}","templated":true}]}}