{"id":67310,"date":"2024-01-13T12:52:23","date_gmt":"2024-09-20T12:05:07","guid":{"rendered":"https:\/\/staging.nbg.eu\/product\/surefire-sr07-weaponlight-switch\/"},"modified":"2024-09-20T12:05:53","modified_gmt":"2024-09-20T12:05:53","slug":"surefire-sr07-asevalokytkin","status":"publish","type":"product","link":"https:\/\/staging.nbg.eu\/fi\/tuote\/surefire-sr07-asevalokytkin\/","title":{"rendered":"SureFire SR07 Asevalokytk\u00edn"},"content":{"rendered":"<p>\nSureFire SR07 tarjoaa et\u00e4aktivointimahdollisuuden SureFire-asevaloille. Ominaisuudet:<\/p>\n<ul>\n<li>Hetkellinen painike<\/li>\n<li>Jatkuvan valon painike<\/li>\n<li>18 cm:n kaapeli<\/li>\n<li>Kiinnitys Picatinny-kiskoon<\/li>\n<\/ul>\n<p>Kaksoiskytkimell\u00e4 ohjattava.<\/p>\n","protected":false},"excerpt":{"rendered":"<p>Et\u00e4k\u00e4ytt\u00f6inen kaksoiskytkent\u00e4 SureFire-asevaloille. Kiskoon kiinnitett\u00e4v\u00e4.<\/p>\n","protected":false},"featured_media":67311,"template":"","meta":{"_acf_changed":false},"product_brand":[11869],"product_cat":[13225,13216,13240],"product_tag":[],"class_list":{"0":"post-67310","1":"product","2":"type-product","3":"status-publish","4":"has-post-thumbnail","6":"product_brand-surefire","7":"product_cat-kivaeaeri","8":"product_cat-valot","9":"product_cat-valotarvikkeet","11":"first","12":"instock","13":"taxable","14":"shipping-taxable","15":"purchasable","16":"product-type-simple"},"acf":[],"_links":{"self":[{"href":"https:\/\/staging.nbg.eu\/fi\/wp-json\/wp\/v2\/product\/67310","targetHints":{"allow":["GET"]}}],"collection":[{"href":"https:\/\/staging.nbg.eu\/fi\/wp-json\/wp\/v2\/product"}],"about":[{"href":"https:\/\/staging.nbg.eu\/fi\/wp-json\/wp\/v2\/types\/product"}],"wp:featuredmedia":[{"embeddable":true,"href":"https:\/\/staging.nbg.eu\/fi\/wp-json\/wp\/v2\/media\/67311"}],"wp:attachment":[{"href":"https:\/\/staging.nbg.eu\/fi\/wp-json\/wp\/v2\/media?parent=67310"}],"wp:term":[{"taxonomy":"product_brand","embeddable":true,"href":"https:\/\/staging.nbg.eu\/fi\/wp-json\/wp\/v2\/product_brand?post=67310"},{"taxonomy":"product_cat","embeddable":true,"href":"https:\/\/staging.nbg.eu\/fi\/wp-json\/wp\/v2\/product_cat?post=67310"},{"taxonomy":"product_tag","embeddable":true,"href":"https:\/\/staging.nbg.eu\/fi\/wp-json\/wp\/v2\/product_tag?post=67310"}],"curies":[{"name":"wp","href":"https:\/\/api.w.org\/{rel}","templated":true}]}}