{"id":67268,"date":"2024-01-13T13:21:56","date_gmt":"2024-09-20T12:03:54","guid":{"rendered":"https:\/\/staging.nbg.eu\/product\/surefire-switch-st07\/"},"modified":"2024-09-20T12:04:39","modified_gmt":"2024-09-20T12:04:39","slug":"surefire-switch-st07","status":"publish","type":"product","link":"https:\/\/staging.nbg.eu\/fi\/tuote\/surefire-switch-st07\/","title":{"rendered":"SureFire Switch ST07"},"content":{"rendered":"<p>\nSureFire Switch ST07 mahdollistaa et\u00e4k\u00e4yt\u00f6n yhteensopiville asevalaisimille. Ominaisuudet:<\/p>\n<ul>\n<li>17,8 cm:n johto kiv\u00e4\u00e4ri\/karbiini-k\u00e4ytt\u00f6\u00f6n<\/li>\n<li>O-renkaalla tiivistetty liitin s\u00e4\u00e4n kest\u00e4vyyteen<\/li>\n<li>Velcro\u00ae-kiinnitys monipuoliseen sijoittamiseen<\/li>\n<\/ul>\n<p>Kest\u00e4v\u00e4 et\u00e4kytkin aseen hallintaa varten.<\/p>\n","protected":false},"excerpt":{"rendered":"<p>Kaukokytkin SureFire-asevaloille. 17,8 cm:n kaapeli, s\u00e4\u00e4nkest\u00e4v\u00e4.<\/p>\n","protected":false},"featured_media":67269,"template":"","meta":{"_acf_changed":false},"product_brand":[11869],"product_cat":[13225,13216,13240],"product_tag":[],"class_list":{"0":"post-67268","1":"product","2":"type-product","3":"status-publish","4":"has-post-thumbnail","6":"product_brand-surefire","7":"product_cat-kivaeaeri","8":"product_cat-valot","9":"product_cat-valotarvikkeet","11":"first","12":"instock","13":"taxable","14":"shipping-taxable","15":"purchasable","16":"product-type-simple"},"acf":[],"_links":{"self":[{"href":"https:\/\/staging.nbg.eu\/fi\/wp-json\/wp\/v2\/product\/67268","targetHints":{"allow":["GET"]}}],"collection":[{"href":"https:\/\/staging.nbg.eu\/fi\/wp-json\/wp\/v2\/product"}],"about":[{"href":"https:\/\/staging.nbg.eu\/fi\/wp-json\/wp\/v2\/types\/product"}],"wp:featuredmedia":[{"embeddable":true,"href":"https:\/\/staging.nbg.eu\/fi\/wp-json\/wp\/v2\/media\/67269"}],"wp:attachment":[{"href":"https:\/\/staging.nbg.eu\/fi\/wp-json\/wp\/v2\/media?parent=67268"}],"wp:term":[{"taxonomy":"product_brand","embeddable":true,"href":"https:\/\/staging.nbg.eu\/fi\/wp-json\/wp\/v2\/product_brand?post=67268"},{"taxonomy":"product_cat","embeddable":true,"href":"https:\/\/staging.nbg.eu\/fi\/wp-json\/wp\/v2\/product_cat?post=67268"},{"taxonomy":"product_tag","embeddable":true,"href":"https:\/\/staging.nbg.eu\/fi\/wp-json\/wp\/v2\/product_tag?post=67268"}],"curies":[{"name":"wp","href":"https:\/\/api.w.org\/{rel}","templated":true}]}}