{"id":67044,"date":"2024-01-13T13:29:38","date_gmt":"2024-09-20T11:59:41","guid":{"rendered":"https:\/\/staging.nbg.eu\/product\/surefire-x300u-a\/"},"modified":"2025-02-19T14:50:29","modified_gmt":"2025-02-19T14:50:29","slug":"surefire-x300u-a","status":"publish","type":"product","link":"https:\/\/staging.nbg.eu\/fi\/tuote\/surefire-x300u-a\/","title":{"rendered":"SureFire X300U-A"},"content":{"rendered":"<div class=\"product-description\">\n<h2>SureFire X300U-A Taktinen Asevalo<\/h2>\n<p>SureFire X300U-A on taktinen valo ammattik\u00e4ytt\u00f6\u00f6n. Se tuottaa 1000 lumenin LED-valon, joka on kohdistettu TIR-linssill\u00e4.<\/p>\n<ul>\n<li>Pikairrotusj\u00e4rjestelm\u00e4 nopeaa kiinnityst\u00e4 ja irrotusta varten<\/li>\n<li>Molempik\u00e4tinen kytkin nopeaa k\u00e4ytt\u00f6\u00e4 varten<\/li>\n<li>Alumiinirunko, jossa on anodisoitu pinta<\/li>\n<li>IPX7-vesitiiviysluokitus (1 metri 30 minuutin ajan)<\/li>\n<li>1,25 tunnin k\u00e4ytt\u00f6aika kahdella 123A-litiumparistolla<\/li>\n<li>Mitat: pituus 3,76 tuumaa, paino 4,0 unssia<\/li>\n<\/ul>\n<p>SureFire X300U-A valaisee kohteita pitkill\u00e4 et\u00e4isyyksill\u00e4.<\/p>\n<\/div>\n","protected":false},"excerpt":{"rendered":"<p>SureFire X300U-A: 1000 lumenin taktinen valo k\u00e4siaseisiin ja kiv\u00e4\u00e4reihin.<\/p>\n","protected":false},"featured_media":67045,"template":"","meta":{"_acf_changed":false},"product_brand":[11869],"product_cat":[13182,13209,13216],"product_tag":[],"class_list":{"0":"post-67044","1":"product","2":"type-product","3":"status-publish","4":"has-post-thumbnail","6":"product_brand-surefire","7":"product_cat-pistooli","8":"product_cat-pistoolin-valot","9":"product_cat-valot","11":"first","12":"instock","13":"taxable","14":"shipping-taxable","15":"purchasable","16":"product-type-variable","17":"wvs-archive-product-wrapper"},"acf":[],"_links":{"self":[{"href":"https:\/\/staging.nbg.eu\/fi\/wp-json\/wp\/v2\/product\/67044","targetHints":{"allow":["GET"]}}],"collection":[{"href":"https:\/\/staging.nbg.eu\/fi\/wp-json\/wp\/v2\/product"}],"about":[{"href":"https:\/\/staging.nbg.eu\/fi\/wp-json\/wp\/v2\/types\/product"}],"wp:featuredmedia":[{"embeddable":true,"href":"https:\/\/staging.nbg.eu\/fi\/wp-json\/wp\/v2\/media\/67045"}],"wp:attachment":[{"href":"https:\/\/staging.nbg.eu\/fi\/wp-json\/wp\/v2\/media?parent=67044"}],"wp:term":[{"taxonomy":"product_brand","embeddable":true,"href":"https:\/\/staging.nbg.eu\/fi\/wp-json\/wp\/v2\/product_brand?post=67044"},{"taxonomy":"product_cat","embeddable":true,"href":"https:\/\/staging.nbg.eu\/fi\/wp-json\/wp\/v2\/product_cat?post=67044"},{"taxonomy":"product_tag","embeddable":true,"href":"https:\/\/staging.nbg.eu\/fi\/wp-json\/wp\/v2\/product_tag?post=67044"}],"curies":[{"name":"wp","href":"https:\/\/api.w.org\/{rel}","templated":true}]}}