{"id":66542,"date":"2024-01-30T18:10:41","date_gmt":"2024-09-20T11:53:34","guid":{"rendered":"https:\/\/staging.nbg.eu\/product\/surefire-x300t-a\/"},"modified":"2024-09-20T11:54:24","modified_gmt":"2024-09-20T11:54:24","slug":"surefire-x300t-a","status":"publish","type":"product","link":"https:\/\/staging.nbg.eu\/fi\/tuote\/surefire-x300t-a\/","title":{"rendered":"SureFire X300T-A"},"content":{"rendered":"<div class=\"product-description\">\n<h2>SureFire X300T-A Asevalo<\/h2>\n<p>SureFire X300T-A on taktinen valo ammattik\u00e4ytt\u00f6\u00f6n. Sen valovoima on 66 000 kandelaa ja valoteho 650 lumenia. Valon ominaisuudet:<\/p>\n<ul>\n<li>Turbo-valokuvio kohteiden tunnistamiseen pitkill\u00e4 et\u00e4isyyksill\u00e4<\/li>\n<li>Vipu-kiinnitysj\u00e4rjestelm\u00e4 Universal- ja Picatinny-kiskoihin<\/li>\n<li>Molemmille k\u00e4sille sopiva kytkin<\/li>\n<li>Yhteensopiva X300U-A-koteloiden kanssa<\/li>\n<li>Alumiinirunko ja anodisoitu pinta<\/li>\n<li>IPX7-vesitiiviysluokitus (1 metri 30 minuutin ajan)<\/li>\n<li>1,5 tunnin k\u00e4ytt\u00f6aika kahdella 123A-litiumparistolla (sis\u00e4ltyv\u00e4t)<\/li>\n<\/ul>\n<p>X300T-A valaisee kohteita 514 metrin et\u00e4isyydelle.<\/p>\n<\/div>\n","protected":false},"excerpt":{"rendered":"<p>SureFire X300T-A: 66 000 candelan taktinen valo pitk\u00e4n matkan tunnistamiseen ja tunnistamiseen.<\/p>\n","protected":false},"featured_media":66543,"template":"","meta":{"_acf_changed":false},"product_brand":[11869],"product_cat":[13182,13209,13216],"product_tag":[],"class_list":{"0":"post-66542","1":"product","2":"type-product","3":"status-publish","4":"has-post-thumbnail","6":"product_brand-surefire","7":"product_cat-pistooli","8":"product_cat-pistoolin-valot","9":"product_cat-valot","11":"first","12":"instock","13":"taxable","14":"shipping-taxable","15":"purchasable","16":"product-type-variable","17":"wvs-archive-product-wrapper"},"acf":[],"_links":{"self":[{"href":"https:\/\/staging.nbg.eu\/fi\/wp-json\/wp\/v2\/product\/66542","targetHints":{"allow":["GET"]}}],"collection":[{"href":"https:\/\/staging.nbg.eu\/fi\/wp-json\/wp\/v2\/product"}],"about":[{"href":"https:\/\/staging.nbg.eu\/fi\/wp-json\/wp\/v2\/types\/product"}],"wp:featuredmedia":[{"embeddable":true,"href":"https:\/\/staging.nbg.eu\/fi\/wp-json\/wp\/v2\/media\/66543"}],"wp:attachment":[{"href":"https:\/\/staging.nbg.eu\/fi\/wp-json\/wp\/v2\/media?parent=66542"}],"wp:term":[{"taxonomy":"product_brand","embeddable":true,"href":"https:\/\/staging.nbg.eu\/fi\/wp-json\/wp\/v2\/product_brand?post=66542"},{"taxonomy":"product_cat","embeddable":true,"href":"https:\/\/staging.nbg.eu\/fi\/wp-json\/wp\/v2\/product_cat?post=66542"},{"taxonomy":"product_tag","embeddable":true,"href":"https:\/\/staging.nbg.eu\/fi\/wp-json\/wp\/v2\/product_tag?post=66542"}],"curies":[{"name":"wp","href":"https:\/\/api.w.org\/{rel}","templated":true}]}}