{"id":66341,"date":"2024-01-16T19:29:25","date_gmt":"2024-09-20T11:50:55","guid":{"rendered":"https:\/\/staging.nbg.eu\/product\/surefire-x300t-b-weaponlight\/"},"modified":"2024-09-20T11:51:45","modified_gmt":"2024-09-20T11:51:45","slug":"surefire-x300t-b-asevalo","status":"publish","type":"product","link":"https:\/\/staging.nbg.eu\/fi\/tuote\/surefire-x300t-b-asevalo\/","title":{"rendered":"SureFire X300T-B ASEVALO"},"content":{"rendered":"<div class=\"product-description\">\n<h2>SureFire X300T-B ASEVALO<\/h2>\n<p>SureFire X300T-B ASEVALO on X300-k\u00e4siaseen asevalon Turbo-versio, joka tarjoaa:<\/p>\n<ul>\n<li>66 000 kandelan huippuintensiteetti<\/li>\n<li>650 lumenia valkoista valoa<\/li>\n<li>Turbo-valokuvio kohteen tunnistamiseen pitkill\u00e4 et\u00e4isyyksill\u00e4<\/li>\n<li>1,5 tunnin k\u00e4ytt\u00f6aika kahdella 123A-litiumparistolla<\/li>\n<\/ul>\n<p>X300T-B:n ominaisuudet:<\/p>\n<ul>\n<li>T-uran peukalokiinnitys Universal- ja Picatinny-kiskoihin<\/li>\n<li>Molemmille k\u00e4sille sopiva kytkin<\/li>\n<li>Yhteensopiva X300U-B-koteloiden kanssa<\/li>\n<li>Avaruusalumiinirunko, anodisoitu pintak\u00e4sittely<\/li>\n<li>IPX7-vesitiiviysluokitus (upotettavissa 1 metriin 30 minuutiksi)<\/li>\n<\/ul>\n<p>Tekniset tiedot:<\/p>\n<ul>\n<li>Pituus: 9,55 cm<\/li>\n<li>Paino paristojen kanssa: 124,7 g<\/li>\n<li>Etuosan halkaisija: 2,9 cm<\/li>\n<li>Tehokas kantama: 514 metri\u00e4<\/li>\n<\/ul>\n<p>SureFire X300T-B ASEVALO tarjoaa suorituskyky\u00e4 ja luotettavuutta kriittisiss\u00e4 tilanteissa.<\/p>\n<\/div>\n","protected":false},"excerpt":{"rendered":"<p>Tehokas 650 lumenin asevalo, jossa on 66 000 candelan s\u00e4de eritt\u00e4in pitk\u00e4n matkan tunnistukseen.<\/p>\n","protected":false},"featured_media":83167,"template":"","meta":{"_acf_changed":false},"product_brand":[11869],"product_cat":[13182,13209,13216],"product_tag":[],"class_list":{"0":"post-66341","1":"product","2":"type-product","3":"status-publish","4":"has-post-thumbnail","6":"product_brand-surefire","7":"product_cat-pistooli","8":"product_cat-pistoolin-valot","9":"product_cat-valot","11":"first","12":"instock","13":"taxable","14":"shipping-taxable","15":"purchasable","16":"product-type-variable","17":"wvs-archive-product-wrapper"},"acf":[],"_links":{"self":[{"href":"https:\/\/staging.nbg.eu\/fi\/wp-json\/wp\/v2\/product\/66341","targetHints":{"allow":["GET"]}}],"collection":[{"href":"https:\/\/staging.nbg.eu\/fi\/wp-json\/wp\/v2\/product"}],"about":[{"href":"https:\/\/staging.nbg.eu\/fi\/wp-json\/wp\/v2\/types\/product"}],"wp:featuredmedia":[{"embeddable":true,"href":"https:\/\/staging.nbg.eu\/fi\/wp-json\/wp\/v2\/media\/83167"}],"wp:attachment":[{"href":"https:\/\/staging.nbg.eu\/fi\/wp-json\/wp\/v2\/media?parent=66341"}],"wp:term":[{"taxonomy":"product_brand","embeddable":true,"href":"https:\/\/staging.nbg.eu\/fi\/wp-json\/wp\/v2\/product_brand?post=66341"},{"taxonomy":"product_cat","embeddable":true,"href":"https:\/\/staging.nbg.eu\/fi\/wp-json\/wp\/v2\/product_cat?post=66341"},{"taxonomy":"product_tag","embeddable":true,"href":"https:\/\/staging.nbg.eu\/fi\/wp-json\/wp\/v2\/product_tag?post=66341"}],"curies":[{"name":"wp","href":"https:\/\/api.w.org\/{rel}","templated":true}]}}