{"id":66230,"date":"2024-01-18T13:56:08","date_gmt":"2024-09-20T11:48:19","guid":{"rendered":"https:\/\/staging.nbg.eu\/product\/surefire-switch-assembly-z-xbc\/"},"modified":"2024-09-20T11:49:14","modified_gmt":"2024-09-20T11:49:14","slug":"surefire-kytkinkokonaisuus-z-xbc","status":"publish","type":"product","link":"https:\/\/staging.nbg.eu\/fi\/tuote\/surefire-kytkinkokonaisuus-z-xbc\/","title":{"rendered":"SureFire Kytkinkokonaisuus Z-XBC"},"content":{"rendered":"<p>\nSureFire Switch Assembly Z-XBC on tehtaan vaihtokytkin X300-, X400- ja XH30-asevaloille. Ominaisuudet:<\/p>\n<ul>\n<li>Molempik\u00e4tinen hetkellinen ja jatkuva paina\/vaihda-kytkin<\/li>\n<li>Kest\u00e4v\u00e4 muovirakenne<\/li>\n<li>Saatavana mustana tai ruskeana<\/li>\n<\/ul>\n<p>Ei yhteensopiva XH50G-asevalon kanssa. Varmista, ett\u00e4 k\u00e4yt\u00e4t oikeaa kytkint\u00e4 SureFire-asevaloosi.<\/p>\n","protected":false},"excerpt":{"rendered":"<p>Korvaava kytkin SureFire X300\/X400\/XH30 asevaloille. Kaksitoiminen.<\/p>\n","protected":false},"featured_media":66231,"template":"","meta":{"_acf_changed":false},"product_brand":[11869],"product_cat":[13182,13209,13216,13240],"product_tag":[],"class_list":{"0":"post-66230","1":"product","2":"type-product","3":"status-publish","4":"has-post-thumbnail","6":"product_brand-surefire","7":"product_cat-pistooli","8":"product_cat-pistoolin-valot","9":"product_cat-valot","10":"product_cat-valotarvikkeet","12":"first","13":"instock","14":"taxable","15":"shipping-taxable","16":"purchasable","17":"product-type-variable","18":"wvs-archive-product-wrapper"},"acf":[],"_links":{"self":[{"href":"https:\/\/staging.nbg.eu\/fi\/wp-json\/wp\/v2\/product\/66230","targetHints":{"allow":["GET"]}}],"collection":[{"href":"https:\/\/staging.nbg.eu\/fi\/wp-json\/wp\/v2\/product"}],"about":[{"href":"https:\/\/staging.nbg.eu\/fi\/wp-json\/wp\/v2\/types\/product"}],"wp:featuredmedia":[{"embeddable":true,"href":"https:\/\/staging.nbg.eu\/fi\/wp-json\/wp\/v2\/media\/66231"}],"wp:attachment":[{"href":"https:\/\/staging.nbg.eu\/fi\/wp-json\/wp\/v2\/media?parent=66230"}],"wp:term":[{"taxonomy":"product_brand","embeddable":true,"href":"https:\/\/staging.nbg.eu\/fi\/wp-json\/wp\/v2\/product_brand?post=66230"},{"taxonomy":"product_cat","embeddable":true,"href":"https:\/\/staging.nbg.eu\/fi\/wp-json\/wp\/v2\/product_cat?post=66230"},{"taxonomy":"product_tag","embeddable":true,"href":"https:\/\/staging.nbg.eu\/fi\/wp-json\/wp\/v2\/product_tag?post=66230"}],"curies":[{"name":"wp","href":"https:\/\/api.w.org\/{rel}","templated":true}]}}