{"id":66176,"date":"2024-01-19T18:03:48","date_gmt":"2024-01-19T18:03:48","guid":{"rendered":"https:\/\/staging.nbg.eu\/product\/surefire-sf18350\/"},"modified":"2024-09-20T11:47:23","modified_gmt":"2024-09-20T11:47:23","slug":"surefire-sf18350","status":"publish","type":"product","link":"https:\/\/staging.nbg.eu\/fi\/tuote\/surefire-sf18350\/","title":{"rendered":"SureFire SF18350"},"content":{"rendered":"<div class=\"product-description\">\n<h2>SureFire SF18350 Ladattava Akku<\/h2>\n<p>SureFire SF18350 ladattava akku 3 voltin Dual Fuel -valaisintuotteille. Ominaisuudet:<\/p>\n<ul>\n<li>3.7 volttia \/ 1100 mAh kapasiteetti<\/li>\n<li>MICRO-USB-lataus<\/li>\n<li>Litiumioni-suojattu 18350-malli<\/li>\n<li>Yhteensopiva SureFire Dual Fuel ja yksitt\u00e4isill\u00e4 123A-paristoilla toimivien tuotteiden kanssa<\/li>\n<\/ul>\n<p>Sis\u00e4lt\u00e4\u00e4 MICRO-USB &#8211; USB -kaapelin latausta varten. Ei yhteensopiva muiden kuin Dual Fuel -tuotteiden kanssa.<\/p>\n<\/div>\n","protected":false},"excerpt":{"rendered":"<p>Ladattava 18350-akku: 3,7 V, 1100 mAh, MICRO-USB-lataus.<\/p>\n","protected":false},"featured_media":66177,"template":"","meta":{"_acf_changed":false},"product_brand":[11869],"product_cat":[13164,13216],"product_tag":[],"class_list":{"0":"post-66176","1":"product","2":"type-product","3":"status-publish","4":"has-post-thumbnail","6":"product_brand-surefire","7":"product_cat-paristot","8":"product_cat-valot","10":"first","11":"instock","12":"taxable","13":"shipping-taxable","14":"purchasable","15":"product-type-simple"},"acf":[],"_links":{"self":[{"href":"https:\/\/staging.nbg.eu\/fi\/wp-json\/wp\/v2\/product\/66176","targetHints":{"allow":["GET"]}}],"collection":[{"href":"https:\/\/staging.nbg.eu\/fi\/wp-json\/wp\/v2\/product"}],"about":[{"href":"https:\/\/staging.nbg.eu\/fi\/wp-json\/wp\/v2\/types\/product"}],"wp:featuredmedia":[{"embeddable":true,"href":"https:\/\/staging.nbg.eu\/fi\/wp-json\/wp\/v2\/media\/66177"}],"wp:attachment":[{"href":"https:\/\/staging.nbg.eu\/fi\/wp-json\/wp\/v2\/media?parent=66176"}],"wp:term":[{"taxonomy":"product_brand","embeddable":true,"href":"https:\/\/staging.nbg.eu\/fi\/wp-json\/wp\/v2\/product_brand?post=66176"},{"taxonomy":"product_cat","embeddable":true,"href":"https:\/\/staging.nbg.eu\/fi\/wp-json\/wp\/v2\/product_cat?post=66176"},{"taxonomy":"product_tag","embeddable":true,"href":"https:\/\/staging.nbg.eu\/fi\/wp-json\/wp\/v2\/product_tag?post=66176"}],"curies":[{"name":"wp","href":"https:\/\/api.w.org\/{rel}","templated":true}]}}