{"id":66134,"date":"2024-01-19T18:29:10","date_gmt":"2024-09-20T11:44:48","guid":{"rendered":"https:\/\/staging.nbg.eu\/product\/surefire-sf18650-b\/"},"modified":"2024-09-20T11:45:33","modified_gmt":"2024-09-20T11:45:33","slug":"surefire-sf18650-b","status":"publish","type":"product","link":"https:\/\/staging.nbg.eu\/fi\/tuote\/surefire-sf18650-b\/","title":{"rendered":"SureFire SF18650-B"},"content":{"rendered":"<div class=\"product-description\">\n<h2>SureFire SF18650-B ladattava akku<\/h2>\n<p>SF18650 ladattava akku, joka tuottaa 3,6 volttia ja 3500 mAh pitk\u00e4kestoiseen k\u00e4ytt\u00f6\u00f6n. Sis\u00e4lt\u00e4\u00e4 MICRO-USB-latauksen eri l\u00e4hteist\u00e4. Yhteensopiva tiettyjen SureFire-tuotteiden kanssa, kuten FURY-DFT, EDC2-DFT ja M600DF-sarjat. Lataus USB:n tai erillisen 18650-laturin kautta (ei sis\u00e4lly). SF18650-B sopii SureFire-laitteiden virtal\u00e4hteeksi.<\/p>\n<\/div>\n","protected":false},"excerpt":{"rendered":"<p>Suurikapasiteettinen 3500 mAh:n ladattava akku MICRO-USB-latauksella.<\/p>\n","protected":false},"featured_media":66135,"template":"","meta":{"_acf_changed":false},"product_brand":[11869],"product_cat":[13215,13184,13164,13216],"product_tag":[],"class_list":{"0":"post-66134","1":"product","2":"type-product","3":"status-publish","4":"has-post-thumbnail","6":"product_brand-surefire","7":"product_cat-edc","8":"product_cat-edc-valot","9":"product_cat-paristot","10":"product_cat-valot","12":"first","13":"instock","14":"taxable","15":"shipping-taxable","16":"purchasable","17":"product-type-simple"},"acf":[],"_links":{"self":[{"href":"https:\/\/staging.nbg.eu\/fi\/wp-json\/wp\/v2\/product\/66134","targetHints":{"allow":["GET"]}}],"collection":[{"href":"https:\/\/staging.nbg.eu\/fi\/wp-json\/wp\/v2\/product"}],"about":[{"href":"https:\/\/staging.nbg.eu\/fi\/wp-json\/wp\/v2\/types\/product"}],"wp:featuredmedia":[{"embeddable":true,"href":"https:\/\/staging.nbg.eu\/fi\/wp-json\/wp\/v2\/media\/66135"}],"wp:attachment":[{"href":"https:\/\/staging.nbg.eu\/fi\/wp-json\/wp\/v2\/media?parent=66134"}],"wp:term":[{"taxonomy":"product_brand","embeddable":true,"href":"https:\/\/staging.nbg.eu\/fi\/wp-json\/wp\/v2\/product_brand?post=66134"},{"taxonomy":"product_cat","embeddable":true,"href":"https:\/\/staging.nbg.eu\/fi\/wp-json\/wp\/v2\/product_cat?post=66134"},{"taxonomy":"product_tag","embeddable":true,"href":"https:\/\/staging.nbg.eu\/fi\/wp-json\/wp\/v2\/product_tag?post=66134"}],"curies":[{"name":"wp","href":"https:\/\/api.w.org\/{rel}","templated":true}]}}