{"id":65741,"date":"2024-01-21T17:29:54","date_gmt":"2024-01-21T17:29:54","guid":{"rendered":"https:\/\/staging.nbg.eu\/product\/surefire-edc2-dft\/"},"modified":"2025-10-01T16:18:09","modified_gmt":"2025-10-01T13:18:09","slug":"surefire-edc2-dft","status":"publish","type":"product","link":"https:\/\/staging.nbg.eu\/fi\/tuote\/surefire-edc2-dft\/","title":{"rendered":"SureFire EDC2-DFT"},"content":{"rendered":"<h2>SureFire EDC2-DFT: Taskulamppu<\/h2>\n<p>SureFire EDC2-DFT on kompakti taskulamppu jokap\u00e4iv\u00e4iseen kantamiseen. Ominaisuudet:<\/p>\n<ul>\n<li>100 000 kandelan huippuintensiteetti (mukana tulevalla SF18650B-akulla)<\/li>\n<li>Turbo-valokuvio keskitettyyn valaistukseen<\/li>\n<li>Dual Fuel -teknologia: k\u00e4yt\u00e4 ladattavaa SF18650 tai kahta 123A litiumparistoa<\/li>\n<li>Mil-Spec anodisoitu alumiinirunko, IPX7-vedenkest\u00e4vyys<\/li>\n<li>700 lumenin valovirta 2,75 tunnin k\u00e4ytt\u00f6ajalla (18650-akulla)<\/li>\n<li>632 metrin valaisuet\u00e4isyys<\/li>\n<li>Pituus 5,91 tuumaa, paino 5,6 unssia<\/li>\n<\/ul>\n<p>EDC2-DFT:n Turbo Series -heijastin tuottaa pisimm\u00e4lle ulottuvan valokeilan SureFiren kompaktissa EDC-sarjassa. Kest\u00e4v\u00e4 rakenne ja monipuolinen klipsi takaavat luotettavuuden eri tilanteissa. Sopii henkil\u00f6kohtaiseen turvallisuuteen tai ammattik\u00e4ytt\u00f6\u00f6n.<\/p>\n<p>SureFiren valmistama taskulamppu.<\/p>\n","protected":false},"excerpt":{"rendered":"<p>Kompakti, tehokas taskulamppu 100 000 candelan valokeilalla ja kaksoispolttoainej\u00e4rjestelm\u00e4ll\u00e4.<\/p>\n","protected":false},"featured_media":65742,"template":"","meta":{"_acf_changed":false},"product_brand":[11869],"product_cat":[13215,13184,13216],"product_tag":[],"class_list":{"0":"post-65741","1":"product","2":"type-product","3":"status-publish","4":"has-post-thumbnail","6":"product_brand-surefire","7":"product_cat-edc","8":"product_cat-edc-valot","9":"product_cat-valot","11":"first","12":"instock","13":"taxable","14":"shipping-taxable","15":"purchasable","16":"product-type-variable","17":"wvs-archive-product-wrapper"},"acf":[],"_links":{"self":[{"href":"https:\/\/staging.nbg.eu\/fi\/wp-json\/wp\/v2\/product\/65741","targetHints":{"allow":["GET"]}}],"collection":[{"href":"https:\/\/staging.nbg.eu\/fi\/wp-json\/wp\/v2\/product"}],"about":[{"href":"https:\/\/staging.nbg.eu\/fi\/wp-json\/wp\/v2\/types\/product"}],"wp:featuredmedia":[{"embeddable":true,"href":"https:\/\/staging.nbg.eu\/fi\/wp-json\/wp\/v2\/media\/65742"}],"wp:attachment":[{"href":"https:\/\/staging.nbg.eu\/fi\/wp-json\/wp\/v2\/media?parent=65741"}],"wp:term":[{"taxonomy":"product_brand","embeddable":true,"href":"https:\/\/staging.nbg.eu\/fi\/wp-json\/wp\/v2\/product_brand?post=65741"},{"taxonomy":"product_cat","embeddable":true,"href":"https:\/\/staging.nbg.eu\/fi\/wp-json\/wp\/v2\/product_cat?post=65741"},{"taxonomy":"product_tag","embeddable":true,"href":"https:\/\/staging.nbg.eu\/fi\/wp-json\/wp\/v2\/product_tag?post=65741"}],"curies":[{"name":"wp","href":"https:\/\/api.w.org\/{rel}","templated":true}]}}