{"id":65626,"date":"2024-01-21T17:47:21","date_gmt":"2024-09-20T11:31:52","guid":{"rendered":"https:\/\/staging.nbg.eu\/product\/surefire-sflfp123-batteries\/"},"modified":"2024-09-20T11:32:39","modified_gmt":"2024-09-20T11:32:39","slug":"surefire-sflfp123-paristot","status":"publish","type":"product","link":"https:\/\/staging.nbg.eu\/fi\/tuote\/surefire-sflfp123-paristot\/","title":{"rendered":"SureFire SFLFP123 PARISTOT"},"content":{"rendered":"<div class=\"product-description\">\n<h2>SureFire SFLFP123 Ladattavat akut<\/h2>\n<p>SureFire SFLFP123 litiumrautafosfaatti (LiFePO4) ladattavat akut LED-valaisulaitteisiin. N\u00e4m\u00e4 3,2V kennot tarjoavat 450mAh kapasiteetin ja 1,44Wh energiaa.<\/p>\n<ul>\n<li>Sis\u00e4inen piiri turvalliseen lataukseen<\/li>\n<li>Suojaus ylilatausta, oikosulkua ja v\u00e4\u00e4r\u00e4\u00e4 napaisuutta vastaan<\/li>\n<li>Latausaika: 1,5-3 tuntia<\/li>\n<li>Paino: 17 grammaa akkua kohden<\/li>\n<li>Saatavana pelkk\u00e4n\u00e4 akkusarjana tai laturin kanssa<\/li>\n<\/ul>\n<p>Huomio: N\u00e4m\u00e4 akut on suunniteltu vain LED-valaisulaitteisiin eik\u00e4 niit\u00e4 tule k\u00e4ytt\u00e4\u00e4 hehkulamppujen kanssa.<\/p>\n<\/div>\n","protected":false},"excerpt":{"rendered":"<p>SureFire SFLFP123: Ladattavat 3,2 V:n LiFePO4-akut LED-valoille.<\/p>\n","protected":false},"featured_media":65627,"template":"","meta":{"_acf_changed":false},"product_brand":[11869],"product_cat":[],"product_tag":[],"class_list":{"0":"post-65626","1":"product","2":"type-product","3":"status-publish","4":"has-post-thumbnail","6":"product_brand-surefire","8":"first","9":"instock","10":"taxable","11":"shipping-taxable","12":"product-type-simple"},"acf":[],"_links":{"self":[{"href":"https:\/\/staging.nbg.eu\/fi\/wp-json\/wp\/v2\/product\/65626","targetHints":{"allow":["GET"]}}],"collection":[{"href":"https:\/\/staging.nbg.eu\/fi\/wp-json\/wp\/v2\/product"}],"about":[{"href":"https:\/\/staging.nbg.eu\/fi\/wp-json\/wp\/v2\/types\/product"}],"wp:featuredmedia":[{"embeddable":true,"href":"https:\/\/staging.nbg.eu\/fi\/wp-json\/wp\/v2\/media\/65627"}],"wp:attachment":[{"href":"https:\/\/staging.nbg.eu\/fi\/wp-json\/wp\/v2\/media?parent=65626"}],"wp:term":[{"taxonomy":"product_brand","embeddable":true,"href":"https:\/\/staging.nbg.eu\/fi\/wp-json\/wp\/v2\/product_brand?post=65626"},{"taxonomy":"product_cat","embeddable":true,"href":"https:\/\/staging.nbg.eu\/fi\/wp-json\/wp\/v2\/product_cat?post=65626"},{"taxonomy":"product_tag","embeddable":true,"href":"https:\/\/staging.nbg.eu\/fi\/wp-json\/wp\/v2\/product_tag?post=65626"}],"curies":[{"name":"wp","href":"https:\/\/api.w.org\/{rel}","templated":true}]}}