{"id":65574,"date":"2024-01-23T18:42:27","date_gmt":"2024-01-23T18:42:27","guid":{"rendered":"https:\/\/staging.nbg.eu\/product\/bore-cleaner-1-5-oz\/"},"modified":"2024-09-20T11:30:02","modified_gmt":"2024-09-20T11:30:02","slug":"piipun-puhdistusaine-15-oz","status":"publish","type":"product","link":"https:\/\/staging.nbg.eu\/fi\/tuote\/piipun-puhdistusaine-15-oz\/","title":{"rendered":"Piipun Puhdistusaine 1.5 oz"},"content":{"rendered":"<p>\nIosso Bore Cleaner: Biopohjaiseen aineeseen perustuva tahnamainen puhdistusaine aseiden puhdistukseen. Poistaa kuparin, lyijyn, hiilen, lian ja ruosteen ilman vuotoja tai vaurioita. Ei sy\u00f6vytt\u00e4v\u00e4, hajuton ja ymp\u00e4rist\u00f6yst\u00e4v\u00e4llinen. K\u00e4yt\u00e4 yhdess\u00e4 Eliminator-harjojen ja \u00f6ljyliuoksen kanssa perusteelliseen puhdistukseen. Kasvipohjaiseen teknologiaan perustuva tuote ampuma-aseille.<\/p>\n","protected":false},"excerpt":{"rendered":"<p>Ymp\u00e4rist\u00f6yst\u00e4v\u00e4llinen tahnamainen puhdistusaine aseille. Poistaa j\u00e4\u00e4m\u00e4t ja likakertym\u00e4t nopeasti.<\/p>\n","protected":false},"featured_media":101678,"template":"","meta":{"_acf_changed":false},"product_brand":[11476],"product_cat":[13206,13220],"product_tag":[],"class_list":{"0":"post-65574","1":"product","2":"type-product","3":"status-publish","4":"has-post-thumbnail","6":"product_brand-iosso","7":"product_cat-aseen-puhdistus","8":"product_cat-puhdistusaineet","10":"first","11":"instock","12":"taxable","13":"shipping-taxable","14":"purchasable","15":"product-type-simple"},"acf":[],"_links":{"self":[{"href":"https:\/\/staging.nbg.eu\/fi\/wp-json\/wp\/v2\/product\/65574","targetHints":{"allow":["GET"]}}],"collection":[{"href":"https:\/\/staging.nbg.eu\/fi\/wp-json\/wp\/v2\/product"}],"about":[{"href":"https:\/\/staging.nbg.eu\/fi\/wp-json\/wp\/v2\/types\/product"}],"wp:featuredmedia":[{"embeddable":true,"href":"https:\/\/staging.nbg.eu\/fi\/wp-json\/wp\/v2\/media\/101678"}],"wp:attachment":[{"href":"https:\/\/staging.nbg.eu\/fi\/wp-json\/wp\/v2\/media?parent=65574"}],"wp:term":[{"taxonomy":"product_brand","embeddable":true,"href":"https:\/\/staging.nbg.eu\/fi\/wp-json\/wp\/v2\/product_brand?post=65574"},{"taxonomy":"product_cat","embeddable":true,"href":"https:\/\/staging.nbg.eu\/fi\/wp-json\/wp\/v2\/product_cat?post=65574"},{"taxonomy":"product_tag","embeddable":true,"href":"https:\/\/staging.nbg.eu\/fi\/wp-json\/wp\/v2\/product_tag?post=65574"}],"curies":[{"name":"wp","href":"https:\/\/api.w.org\/{rel}","templated":true}]}}