{"id":63512,"date":"2024-01-23T18:50:53","date_gmt":"2024-09-16T13:21:03","guid":{"rendered":"https:\/\/staging.nbg.eu\/product\/iosso-case-polish\/"},"modified":"2024-09-16T13:21:51","modified_gmt":"2024-09-16T13:21:51","slug":"iosso-hylsykiillote","status":"publish","type":"product","link":"https:\/\/staging.nbg.eu\/fi\/tuote\/iosso-hylsykiillote\/","title":{"rendered":"Iosso Hylsykiillote"},"content":{"rendered":"<p>\nIosso hylsykiillote: Ratkaisu messinkihylsyille<\/p>\n<ul>\n<li>Puhdistaa ja kiillottaa<\/li>\n<li>Poistaa likaantumisen, j\u00e4\u00e4m\u00e4t ja hapettumisen<\/li>\n<li>V\u00e4hent\u00e4\u00e4 rummutusaikaa<\/li>\n<li>Suojaa tulevalta hapettumiselta<\/li>\n<li>Uusi biopohjainen koostumus<\/li>\n<li>Turvallinen k\u00e4ytt\u00e4jille ja ymp\u00e4rist\u00f6lle<\/li>\n<\/ul>\n<p>Palauta messinkihylsyjen alkuper\u00e4inen ulkon\u00e4k\u00f6 Iosso hylsykiillotteella. Sopii likaisille tai esipuhdistetuille hylsyille.<\/p>\n","protected":false},"excerpt":{"rendered":"<p>Iosso hylsykiilloke: Palauttaa messinkihylsyjen loistavan kiillon.<\/p>\n","protected":false},"featured_media":102444,"template":"","meta":{"_acf_changed":false},"product_brand":[11476],"product_cat":[13219,13221],"product_tag":[],"class_list":{"0":"post-63512","1":"product","2":"type-product","3":"status-publish","4":"has-post-thumbnail","6":"product_brand-iosso","7":"product_cat-hylsyn-valmistelu","8":"product_cat-lataaminen","10":"first","11":"instock","12":"taxable","13":"shipping-taxable","14":"purchasable","15":"product-type-variable","16":"wvs-archive-product-wrapper"},"acf":[],"_links":{"self":[{"href":"https:\/\/staging.nbg.eu\/fi\/wp-json\/wp\/v2\/product\/63512","targetHints":{"allow":["GET"]}}],"collection":[{"href":"https:\/\/staging.nbg.eu\/fi\/wp-json\/wp\/v2\/product"}],"about":[{"href":"https:\/\/staging.nbg.eu\/fi\/wp-json\/wp\/v2\/types\/product"}],"wp:featuredmedia":[{"embeddable":true,"href":"https:\/\/staging.nbg.eu\/fi\/wp-json\/wp\/v2\/media\/102444"}],"wp:attachment":[{"href":"https:\/\/staging.nbg.eu\/fi\/wp-json\/wp\/v2\/media?parent=63512"}],"wp:term":[{"taxonomy":"product_brand","embeddable":true,"href":"https:\/\/staging.nbg.eu\/fi\/wp-json\/wp\/v2\/product_brand?post=63512"},{"taxonomy":"product_cat","embeddable":true,"href":"https:\/\/staging.nbg.eu\/fi\/wp-json\/wp\/v2\/product_cat?post=63512"},{"taxonomy":"product_tag","embeddable":true,"href":"https:\/\/staging.nbg.eu\/fi\/wp-json\/wp\/v2\/product_tag?post=63512"}],"curies":[{"name":"wp","href":"https:\/\/api.w.org\/{rel}","templated":true}]}}