{"id":63404,"date":"2024-01-23T19:15:27","date_gmt":"2024-09-16T13:12:32","guid":{"rendered":"https:\/\/staging.nbg.eu\/product\/iosso-cotton-knit-cleaning-patches\/"},"modified":"2024-09-16T13:13:21","modified_gmt":"2024-09-16T13:13:21","slug":"iosso-puuvillaneulos-puhdistuslaput","status":"publish","type":"product","link":"https:\/\/staging.nbg.eu\/fi\/tuote\/iosso-puuvillaneulos-puhdistuslaput\/","title":{"rendered":"Iosso Puuvillaneulos Puhdistuslaput"},"content":{"rendered":"<p>\nIosso puuvillaneulospuhdistuslaikat: 100% puuvillaa, nukkaamaton ja purkaantumista kest\u00e4v\u00e4. Neulottu kangas tarttuu ep\u00e4puhtauksiin paremmin kuin flanelli tai akryyli. Saatavilla olevat koot:<\/p>\n<ul>\n<li>1-1\/2&#8243;: .22 kiv\u00e4\u00e4rist\u00e4 .270:een<\/li>\n<li>2-1\/2&#8243;: .338:sta .357:\u00e4\u00e4n<\/li>\n<li>3&#8243;: haulikot<\/li>\n<li>6&#8243;: 37-40mm<\/li>\n<\/ul>\n<p>Neulottu piqu\u00e9kangas varmistaa hyv\u00e4n puhdistustuloksen.<\/p>\n","protected":false},"excerpt":{"rendered":"<p>Nukkaamattomat, neulotut puuvillaliinat ylivertaiseen aseiden puhdistukseen.<\/p>\n","protected":false},"featured_media":107559,"template":"","meta":{"_acf_changed":false},"product_brand":[11476],"product_cat":[13206,13233],"product_tag":[],"class_list":{"0":"post-63404","1":"product","2":"type-product","3":"status-publish","4":"has-post-thumbnail","6":"product_brand-iosso","7":"product_cat-aseen-puhdistus","8":"product_cat-harjat","10":"first","11":"instock","12":"taxable","13":"shipping-taxable","14":"purchasable","15":"product-type-variable","16":"wvs-archive-product-wrapper"},"acf":[],"_links":{"self":[{"href":"https:\/\/staging.nbg.eu\/fi\/wp-json\/wp\/v2\/product\/63404","targetHints":{"allow":["GET"]}}],"collection":[{"href":"https:\/\/staging.nbg.eu\/fi\/wp-json\/wp\/v2\/product"}],"about":[{"href":"https:\/\/staging.nbg.eu\/fi\/wp-json\/wp\/v2\/types\/product"}],"wp:featuredmedia":[{"embeddable":true,"href":"https:\/\/staging.nbg.eu\/fi\/wp-json\/wp\/v2\/media\/107559"}],"wp:attachment":[{"href":"https:\/\/staging.nbg.eu\/fi\/wp-json\/wp\/v2\/media?parent=63404"}],"wp:term":[{"taxonomy":"product_brand","embeddable":true,"href":"https:\/\/staging.nbg.eu\/fi\/wp-json\/wp\/v2\/product_brand?post=63404"},{"taxonomy":"product_cat","embeddable":true,"href":"https:\/\/staging.nbg.eu\/fi\/wp-json\/wp\/v2\/product_cat?post=63404"},{"taxonomy":"product_tag","embeddable":true,"href":"https:\/\/staging.nbg.eu\/fi\/wp-json\/wp\/v2\/product_tag?post=63404"}],"curies":[{"name":"wp","href":"https:\/\/api.w.org\/{rel}","templated":true}]}}