{"id":63344,"date":"2024-01-23T19:37:48","date_gmt":"2024-09-16T13:09:30","guid":{"rendered":"https:\/\/staging.nbg.eu\/product\/iosso-firearms-parts-cleaner-degreaser-37l\/"},"modified":"2024-09-16T13:10:17","modified_gmt":"2024-09-16T13:10:17","slug":"iosso-aseen-osien-puhdistusaine-rasvanpoistoaine-37l","status":"publish","type":"product","link":"https:\/\/staging.nbg.eu\/fi\/tuote\/iosso-aseen-osien-puhdistusaine-rasvanpoistoaine-37l\/","title":{"rendered":"Iosso Aseen Osien Puhdistusaine Rasvanpoistoaine 3,7L"},"content":{"rendered":"<p>\nIosso aseenosien puhdistusaine: Tehokas ja ymp\u00e4rist\u00f6yst\u00e4v\u00e4llinen rasvanpoistoaine aseille. T\u00e4m\u00e4 biohajoava, biopohjainen puhdistusaine poistaa likaa, hiilt\u00e4, rasvaa ja j\u00e4\u00e4mi\u00e4. Turvallinen ultra\u00e4\u00e4nilaitteissa k\u00e4ytett\u00e4v\u00e4ksi, siin\u00e4 on alhainen VOC-pitoisuus ja se on valmistettu luonnollisista kasviuutteista. Voidaan suihkuttaa, liottaa tai pyyhki\u00e4. Turvallinen k\u00e4ytt\u00e4j\u00e4lle ja ymp\u00e4rist\u00f6lle.<\/p>\n","protected":false},"excerpt":{"rendered":"<p>Ymp\u00e4rist\u00f6yst\u00e4v\u00e4llinen, tehokas rasvanpoistoaine aseenosien perusteelliseen puhdistukseen.<\/p>\n","protected":false},"featured_media":102523,"template":"","meta":{"_acf_changed":false},"product_brand":[11476],"product_cat":[13206,13220],"product_tag":[],"class_list":{"0":"post-63344","1":"product","2":"type-product","3":"status-publish","4":"has-post-thumbnail","6":"product_brand-iosso","7":"product_cat-aseen-puhdistus","8":"product_cat-puhdistusaineet","10":"first","11":"instock","12":"taxable","13":"shipping-taxable","14":"purchasable","15":"product-type-simple"},"acf":[],"_links":{"self":[{"href":"https:\/\/staging.nbg.eu\/fi\/wp-json\/wp\/v2\/product\/63344","targetHints":{"allow":["GET"]}}],"collection":[{"href":"https:\/\/staging.nbg.eu\/fi\/wp-json\/wp\/v2\/product"}],"about":[{"href":"https:\/\/staging.nbg.eu\/fi\/wp-json\/wp\/v2\/types\/product"}],"wp:featuredmedia":[{"embeddable":true,"href":"https:\/\/staging.nbg.eu\/fi\/wp-json\/wp\/v2\/media\/102523"}],"wp:attachment":[{"href":"https:\/\/staging.nbg.eu\/fi\/wp-json\/wp\/v2\/media?parent=63344"}],"wp:term":[{"taxonomy":"product_brand","embeddable":true,"href":"https:\/\/staging.nbg.eu\/fi\/wp-json\/wp\/v2\/product_brand?post=63344"},{"taxonomy":"product_cat","embeddable":true,"href":"https:\/\/staging.nbg.eu\/fi\/wp-json\/wp\/v2\/product_cat?post=63344"},{"taxonomy":"product_tag","embeddable":true,"href":"https:\/\/staging.nbg.eu\/fi\/wp-json\/wp\/v2\/product_tag?post=63344"}],"curies":[{"name":"wp","href":"https:\/\/api.w.org\/{rel}","templated":true}]}}