{"id":63286,"date":"2024-01-23T19:46:33","date_gmt":"2024-09-16T13:04:31","guid":{"rendered":"https:\/\/staging.nbg.eu\/product\/iosso-gunbrite\/"},"modified":"2024-09-16T13:05:19","modified_gmt":"2024-09-16T13:05:19","slug":"iosso-gunbrite","status":"publish","type":"product","link":"https:\/\/staging.nbg.eu\/fi\/tuote\/iosso-gunbrite\/","title":{"rendered":"Iosso GunBrite"},"content":{"rendered":"<p>\nIosso GunBrite: Aseiden puhdistusaine<\/p>\n<ul>\n<li>Turvallinen kaikille asepinnoille<\/li>\n<li>Poistaa likaantumisen, ruosteen, tummentuman ja v\u00e4rj\u00e4ytym\u00e4t<\/li>\n<li>Puhdistaa sitke\u00e4t sylinterin renkaat<\/li>\n<li>J\u00e4tt\u00e4\u00e4 suojaavan, \u00f6ljytt\u00f6m\u00e4n pinnoitteen<\/li>\n<li>Vastustaa sormenj\u00e4lki\u00e4 ja kosteutta<\/li>\n<\/ul>\n<p>Iosso GunBrite aseiden puhdistukseen.<\/p>\n","protected":false},"excerpt":{"rendered":"<p>Iosso GunBrite: Puhdistaa, kiillottaa ja suojaa ampuma-aseita turvallisesti.<\/p>\n","protected":false},"featured_media":102600,"template":"","meta":{"_acf_changed":false},"product_brand":[11476],"product_cat":[13206,13220],"product_tag":[],"class_list":{"0":"post-63286","1":"product","2":"type-product","3":"status-publish","4":"has-post-thumbnail","6":"product_brand-iosso","7":"product_cat-aseen-puhdistus","8":"product_cat-puhdistusaineet","10":"first","11":"instock","12":"taxable","13":"shipping-taxable","14":"purchasable","15":"product-type-variable","16":"wvs-archive-product-wrapper"},"acf":[],"_links":{"self":[{"href":"https:\/\/staging.nbg.eu\/fi\/wp-json\/wp\/v2\/product\/63286","targetHints":{"allow":["GET"]}}],"collection":[{"href":"https:\/\/staging.nbg.eu\/fi\/wp-json\/wp\/v2\/product"}],"about":[{"href":"https:\/\/staging.nbg.eu\/fi\/wp-json\/wp\/v2\/types\/product"}],"wp:featuredmedia":[{"embeddable":true,"href":"https:\/\/staging.nbg.eu\/fi\/wp-json\/wp\/v2\/media\/102600"}],"wp:attachment":[{"href":"https:\/\/staging.nbg.eu\/fi\/wp-json\/wp\/v2\/media?parent=63286"}],"wp:term":[{"taxonomy":"product_brand","embeddable":true,"href":"https:\/\/staging.nbg.eu\/fi\/wp-json\/wp\/v2\/product_brand?post=63286"},{"taxonomy":"product_cat","embeddable":true,"href":"https:\/\/staging.nbg.eu\/fi\/wp-json\/wp\/v2\/product_cat?post=63286"},{"taxonomy":"product_tag","embeddable":true,"href":"https:\/\/staging.nbg.eu\/fi\/wp-json\/wp\/v2\/product_tag?post=63286"}],"curies":[{"name":"wp","href":"https:\/\/api.w.org\/{rel}","templated":true}]}}