{"id":63222,"date":"2024-01-23T19:51:36","date_gmt":"2024-09-16T13:02:59","guid":{"rendered":"https:\/\/staging.nbg.eu\/product\/iosso-sizing-lubricant-and-cleaner\/"},"modified":"2024-09-16T13:03:48","modified_gmt":"2024-09-16T13:03:48","slug":"iosso-kalibrointi-voiteluaine-ja-puhdistusaine","status":"publish","type":"product","link":"https:\/\/staging.nbg.eu\/fi\/tuote\/iosso-kalibrointi-voiteluaine-ja-puhdistusaine\/","title":{"rendered":"Iosso Kalibrointi Voiteluaine ja Puhdistusaine"},"content":{"rendered":"<p>\nIosso Koon muuttamisen voiteluaine ja puhdistusaine: Biologinen ratkaisu hylsyjen koon muuttamiseen. T\u00e4m\u00e4 120 ml tuote puhdistaa ja voitelee, est\u00e4en hylsyjen juuttumisen ja pident\u00e4en muottien k\u00e4ytt\u00f6ik\u00e4\u00e4. Helppo k\u00e4ytt\u00e4\u00e4, ei j\u00e4t\u00e4 j\u00e4\u00e4mi\u00e4 eik\u00e4 hajua. Vesiliukoinen, biohajoava ja palamaton. Ehk\u00e4isee korroosiota ja ruostetta. Peit\u00e4 hylsyt aineella, muuta koko, ja pyyhi tai huuhtele ennen uudelleenlatausta.<\/p>\n","protected":false},"excerpt":{"rendered":"<p>Biopohjaiset puhdistus- ja voiteluaineet sujuvampaan kokojen s\u00e4\u00e4t\u00f6\u00f6n ja pitk\u00e4kestoisempiin ty\u00f6kaluihin.<\/p>\n","protected":false},"featured_media":107657,"template":"","meta":{"_acf_changed":false},"product_brand":[11476],"product_cat":[13221,13220],"product_tag":[],"class_list":{"0":"post-63222","1":"product","2":"type-product","3":"status-publish","4":"has-post-thumbnail","6":"product_brand-iosso","7":"product_cat-lataaminen","8":"product_cat-puhdistusaineet","10":"first","11":"instock","12":"taxable","13":"shipping-taxable","14":"purchasable","15":"product-type-variable","16":"wvs-archive-product-wrapper"},"acf":[],"_links":{"self":[{"href":"https:\/\/staging.nbg.eu\/fi\/wp-json\/wp\/v2\/product\/63222","targetHints":{"allow":["GET"]}}],"collection":[{"href":"https:\/\/staging.nbg.eu\/fi\/wp-json\/wp\/v2\/product"}],"about":[{"href":"https:\/\/staging.nbg.eu\/fi\/wp-json\/wp\/v2\/types\/product"}],"wp:featuredmedia":[{"embeddable":true,"href":"https:\/\/staging.nbg.eu\/fi\/wp-json\/wp\/v2\/media\/107657"}],"wp:attachment":[{"href":"https:\/\/staging.nbg.eu\/fi\/wp-json\/wp\/v2\/media?parent=63222"}],"wp:term":[{"taxonomy":"product_brand","embeddable":true,"href":"https:\/\/staging.nbg.eu\/fi\/wp-json\/wp\/v2\/product_brand?post=63222"},{"taxonomy":"product_cat","embeddable":true,"href":"https:\/\/staging.nbg.eu\/fi\/wp-json\/wp\/v2\/product_cat?post=63222"},{"taxonomy":"product_tag","embeddable":true,"href":"https:\/\/staging.nbg.eu\/fi\/wp-json\/wp\/v2\/product_tag?post=63222"}],"curies":[{"name":"wp","href":"https:\/\/api.w.org\/{rel}","templated":true}]}}