{"id":63142,"date":"2024-01-24T09:44:05","date_gmt":"2024-09-16T13:00:34","guid":{"rendered":"https:\/\/staging.nbg.eu\/product\/iosso-triple-action-oil-solution\/"},"modified":"2024-09-16T13:01:22","modified_gmt":"2024-09-16T13:01:22","slug":"iosso-kolmitoiminen-oeljyliuos","status":"publish","type":"product","link":"https:\/\/staging.nbg.eu\/fi\/tuote\/iosso-kolmitoiminen-oeljyliuos\/","title":{"rendered":"Iosso Kolmitoiminen \u00d6ljyliuos"},"content":{"rendered":"<p>\nIosso Triple Action \u00f6ljyliuos: Puhdista, voitele ja suojaa aseitasi t\u00e4ll\u00e4 biohajoavalla, kasvipohjaisella koostumuksella. Tunkeutuu irrottamaan ruutia, hiilt\u00e4 ja muoviv\u00e4liholkkeja. Toimii voiteluaineena osille ja est\u00e4\u00e4 korroosiota. Toimii \u00e4\u00e4rimm\u00e4isiss\u00e4 l\u00e4mp\u00f6tiloissa jopa -65C asti. Ymp\u00e4rist\u00f6yst\u00e4v\u00e4llinen ja tehokas piipun puhdistukseen ja aseiden huoltoon.<\/p>\n","protected":false},"excerpt":{"rendered":"<p>Ymp\u00e4rist\u00f6yst\u00e4v\u00e4llinen \u00f6ljy puhdistaa, voitelee ja suojaa ampuma-aseita tehokkaasti.<\/p>\n","protected":false},"featured_media":107611,"template":"","meta":{"_acf_changed":false},"product_brand":[11476],"product_cat":[13206,13220,13194],"product_tag":[],"class_list":{"0":"post-63142","1":"product","2":"type-product","3":"status-publish","4":"has-post-thumbnail","6":"product_brand-iosso","7":"product_cat-aseen-puhdistus","8":"product_cat-puhdistusaineet","9":"product_cat-voiteluaineet","11":"first","12":"instock","13":"taxable","14":"shipping-taxable","15":"purchasable","16":"product-type-variable","17":"wvs-archive-product-wrapper"},"acf":[],"_links":{"self":[{"href":"https:\/\/staging.nbg.eu\/fi\/wp-json\/wp\/v2\/product\/63142","targetHints":{"allow":["GET"]}}],"collection":[{"href":"https:\/\/staging.nbg.eu\/fi\/wp-json\/wp\/v2\/product"}],"about":[{"href":"https:\/\/staging.nbg.eu\/fi\/wp-json\/wp\/v2\/types\/product"}],"wp:featuredmedia":[{"embeddable":true,"href":"https:\/\/staging.nbg.eu\/fi\/wp-json\/wp\/v2\/media\/107611"}],"wp:attachment":[{"href":"https:\/\/staging.nbg.eu\/fi\/wp-json\/wp\/v2\/media?parent=63142"}],"wp:term":[{"taxonomy":"product_brand","embeddable":true,"href":"https:\/\/staging.nbg.eu\/fi\/wp-json\/wp\/v2\/product_brand?post=63142"},{"taxonomy":"product_cat","embeddable":true,"href":"https:\/\/staging.nbg.eu\/fi\/wp-json\/wp\/v2\/product_cat?post=63142"},{"taxonomy":"product_tag","embeddable":true,"href":"https:\/\/staging.nbg.eu\/fi\/wp-json\/wp\/v2\/product_tag?post=63142"}],"curies":[{"name":"wp","href":"https:\/\/api.w.org\/{rel}","templated":true}]}}