{"id":63088,"date":"2024-01-24T18:43:40","date_gmt":"2024-09-16T12:55:59","guid":{"rendered":"https:\/\/staging.nbg.eu\/product\/iosso-ar-bolt-carrier-key-tube-brush\/"},"modified":"2024-09-16T12:56:43","modified_gmt":"2024-09-16T12:56:43","slug":"iosso-ar-lukkokannattimen-avainputken-harja","status":"publish","type":"product","link":"https:\/\/staging.nbg.eu\/fi\/tuote\/iosso-ar-lukkokannattimen-avainputken-harja\/","title":{"rendered":"Iosso AR Lukkokannattimen Avainputken Harja"},"content":{"rendered":"<p>\nIosso AR:n lukonkehyksen avaimen putken harja: Sopii tarkasti, poistaa karstan. K\u00e4yt\u00e4 Iosson \u00f6ljyn kanssa. Ei j\u00e4t\u00e4 nukkaa. Sopii AR:n huoltoon.<\/p>\n","protected":false},"excerpt":{"rendered":"<p>Iosso AR:n lukkorungon avainputken harja: Puhdistaa hiilikertymi\u00e4 tehokkaasti.<\/p>\n","protected":false},"featured_media":102281,"template":"","meta":{"_acf_changed":false},"product_brand":[11476],"product_cat":[13206,13233],"product_tag":[],"class_list":{"0":"post-63088","1":"product","2":"type-product","3":"status-publish","4":"has-post-thumbnail","6":"product_brand-iosso","7":"product_cat-aseen-puhdistus","8":"product_cat-harjat","10":"first","11":"instock","12":"taxable","13":"shipping-taxable","14":"purchasable","15":"product-type-simple"},"acf":[],"_links":{"self":[{"href":"https:\/\/staging.nbg.eu\/fi\/wp-json\/wp\/v2\/product\/63088","targetHints":{"allow":["GET"]}}],"collection":[{"href":"https:\/\/staging.nbg.eu\/fi\/wp-json\/wp\/v2\/product"}],"about":[{"href":"https:\/\/staging.nbg.eu\/fi\/wp-json\/wp\/v2\/types\/product"}],"wp:featuredmedia":[{"embeddable":true,"href":"https:\/\/staging.nbg.eu\/fi\/wp-json\/wp\/v2\/media\/102281"}],"wp:attachment":[{"href":"https:\/\/staging.nbg.eu\/fi\/wp-json\/wp\/v2\/media?parent=63088"}],"wp:term":[{"taxonomy":"product_brand","embeddable":true,"href":"https:\/\/staging.nbg.eu\/fi\/wp-json\/wp\/v2\/product_brand?post=63088"},{"taxonomy":"product_cat","embeddable":true,"href":"https:\/\/staging.nbg.eu\/fi\/wp-json\/wp\/v2\/product_cat?post=63088"},{"taxonomy":"product_tag","embeddable":true,"href":"https:\/\/staging.nbg.eu\/fi\/wp-json\/wp\/v2\/product_tag?post=63088"}],"curies":[{"name":"wp","href":"https:\/\/api.w.org\/{rel}","templated":true}]}}