{"id":63046,"date":"2024-01-24T18:50:37","date_gmt":"2024-01-24T18:50:37","guid":{"rendered":"https:\/\/staging.nbg.eu\/product\/iosso-cleaning-brush-2-sided-2-pk\/"},"modified":"2024-09-16T12:54:12","modified_gmt":"2024-09-16T12:54:12","slug":"iosso-puhdistusharja-2-puolinen-2-kpl-pakkaus","status":"publish","type":"product","link":"https:\/\/staging.nbg.eu\/fi\/tuote\/iosso-puhdistusharja-2-puolinen-2-kpl-pakkaus\/","title":{"rendered":"Iosso Puhdistusharja 2-puolinen 2 kpl pakkaus"},"content":{"rendered":"<p>\nIosso Puhdistusharja 2-puolinen &#8211; 2 kpl\/pakkaus sis\u00e4lt\u00e4\u00e4 kest\u00e4v\u00e4t nailonharjakset tehokkaaseen puhdistukseen. Jokaisessa pakkauksessa on kaksi harjaa, joissa on leve\u00e4, pitk\u00e4 puoli ja kapea puoli. Sopii k\u00e4ytett\u00e4v\u00e4ksi Iosso Triple Action -\u00f6ljyn, piipunpuhdistusaineen tai metalinkiillotusaineen kanssa. Soveltuu hiilen ja ruudin j\u00e4\u00e4mien poistamiseen ampuma-aseista tai teollisissa sovelluksissa.<\/p>\n","protected":false},"excerpt":{"rendered":"<p>Kaksipuolinen nailonharja monipuoliseen puhdistukseen. 2 kpl:n pakkaus.<\/p>\n","protected":false},"featured_media":63047,"template":"","meta":{"_acf_changed":false},"product_brand":[11476],"product_cat":[13206,13233],"product_tag":[],"class_list":{"0":"post-63046","1":"product","2":"type-product","3":"status-publish","4":"has-post-thumbnail","6":"product_brand-iosso","7":"product_cat-aseen-puhdistus","8":"product_cat-harjat","10":"first","11":"instock","12":"taxable","13":"shipping-taxable","14":"purchasable","15":"product-type-simple"},"acf":[],"_links":{"self":[{"href":"https:\/\/staging.nbg.eu\/fi\/wp-json\/wp\/v2\/product\/63046","targetHints":{"allow":["GET"]}}],"collection":[{"href":"https:\/\/staging.nbg.eu\/fi\/wp-json\/wp\/v2\/product"}],"about":[{"href":"https:\/\/staging.nbg.eu\/fi\/wp-json\/wp\/v2\/types\/product"}],"wp:featuredmedia":[{"embeddable":true,"href":"https:\/\/staging.nbg.eu\/fi\/wp-json\/wp\/v2\/media\/63047"}],"wp:attachment":[{"href":"https:\/\/staging.nbg.eu\/fi\/wp-json\/wp\/v2\/media?parent=63046"}],"wp:term":[{"taxonomy":"product_brand","embeddable":true,"href":"https:\/\/staging.nbg.eu\/fi\/wp-json\/wp\/v2\/product_brand?post=63046"},{"taxonomy":"product_cat","embeddable":true,"href":"https:\/\/staging.nbg.eu\/fi\/wp-json\/wp\/v2\/product_cat?post=63046"},{"taxonomy":"product_tag","embeddable":true,"href":"https:\/\/staging.nbg.eu\/fi\/wp-json\/wp\/v2\/product_tag?post=63046"}],"curies":[{"name":"wp","href":"https:\/\/api.w.org\/{rel}","templated":true}]}}