{"id":63004,"date":"2024-01-25T20:06:46","date_gmt":"2024-09-16T12:23:10","guid":{"rendered":"https:\/\/staging.nbg.eu\/product\/iosso-ar-rifle-gas-tube-cleaning-kit\/"},"modified":"2024-09-16T12:23:54","modified_gmt":"2024-09-16T12:23:54","slug":"iosso-ar-kivaeaeri-kaasuputken-puhdistussarja","status":"publish","type":"product","link":"https:\/\/staging.nbg.eu\/fi\/tuote\/iosso-ar-kivaeaeri-kaasuputken-puhdistussarja\/","title":{"rendered":"Iosso AR Kiv\u00e4\u00e4ri Kaasuputken Puhdistussarja"},"content":{"rendered":"<p>\nIosso AR-kiv\u00e4\u00e4rin kaasuputken puhdistussarja sis\u00e4lt\u00e4\u00e4:<\/p>\n<ul>\n<li>Kaksi erikoiskaasuputkiharjaa<\/li>\n<li>L\u00e4pin\u00e4kyv\u00e4n ohjaimen<\/li>\n<li>Iosso Triple Action -\u00f6ljyn<\/li>\n<\/ul>\n<p>Puhdista kaasuputki ilman purkamista. Auttaa lukon toiminnassa ja est\u00e4\u00e4 hiilen kertymist\u00e4. S\u00e4\u00e4st\u00e4\u00e4 aikaa ja vaivaa puhdistuksessa.<\/p>\n","protected":false},"excerpt":{"rendered":"<p>Tehokas AR-kaasuputken puhdistaja \u2013 ei vaadi purkamista.<\/p>\n","protected":false},"featured_media":102319,"template":"","meta":{"_acf_changed":false},"product_brand":[11476],"product_cat":[13206,13233],"product_tag":[],"class_list":{"0":"post-63004","1":"product","2":"type-product","3":"status-publish","4":"has-post-thumbnail","6":"product_brand-iosso","7":"product_cat-aseen-puhdistus","8":"product_cat-harjat","10":"first","11":"instock","12":"taxable","13":"shipping-taxable","14":"purchasable","15":"product-type-simple"},"acf":[],"_links":{"self":[{"href":"https:\/\/staging.nbg.eu\/fi\/wp-json\/wp\/v2\/product\/63004","targetHints":{"allow":["GET"]}}],"collection":[{"href":"https:\/\/staging.nbg.eu\/fi\/wp-json\/wp\/v2\/product"}],"about":[{"href":"https:\/\/staging.nbg.eu\/fi\/wp-json\/wp\/v2\/types\/product"}],"wp:featuredmedia":[{"embeddable":true,"href":"https:\/\/staging.nbg.eu\/fi\/wp-json\/wp\/v2\/media\/102319"}],"wp:attachment":[{"href":"https:\/\/staging.nbg.eu\/fi\/wp-json\/wp\/v2\/media?parent=63004"}],"wp:term":[{"taxonomy":"product_brand","embeddable":true,"href":"https:\/\/staging.nbg.eu\/fi\/wp-json\/wp\/v2\/product_brand?post=63004"},{"taxonomy":"product_cat","embeddable":true,"href":"https:\/\/staging.nbg.eu\/fi\/wp-json\/wp\/v2\/product_cat?post=63004"},{"taxonomy":"product_tag","embeddable":true,"href":"https:\/\/staging.nbg.eu\/fi\/wp-json\/wp\/v2\/product_tag?post=63004"}],"curies":[{"name":"wp","href":"https:\/\/api.w.org\/{rel}","templated":true}]}}