{"id":62898,"date":"2024-01-25T20:19:03","date_gmt":"2024-09-16T12:21:08","guid":{"rendered":"https:\/\/staging.nbg.eu\/product\/iosso-chamber-brushes-2-pack\/"},"modified":"2024-09-16T12:22:00","modified_gmt":"2024-09-16T12:22:00","slug":"iosso-kammioharjat-2-kpl-pakkaus","status":"publish","type":"product","link":"https:\/\/staging.nbg.eu\/fi\/tuote\/iosso-kammioharjat-2-kpl-pakkaus\/","title":{"rendered":"Iosso Kammioharjat 2 kpl pakkaus"},"content":{"rendered":"<p style=\"text-align: center\"><strong><span style=\"font-size: 170%\">Iosso kammioharja (2 pakkausta)<\/span><\/strong><\/p>\n<p>Ensimm\u00e4inen harja 6.5 Creedmoor-kammion puhdistukseen. Mitoitettu tarkasti tarkkaa puhdistusta varten. Valmistettu sinisest\u00e4 kuidusta, joka on paksu, j\u00e4ykk\u00e4 ja pit\u00e4\u00e4 muotonsa paremmin kuin perinteiset messinki- ja pronssityyppiset harjat. Voidaan k\u00e4ytt\u00e4\u00e4 useita kertoja ennen kulumista. Pakkaus sis\u00e4lt\u00e4\u00e4 2 harjaa. Suositellut puhdistusaineet ovat Iosso piipunpuhdistusaine ja Iosso kolmitoimi\u00f6ljy. <strong>Siniset harjat ovat Iosso Products:in tavaramerkki.<\/strong><\/p>\n<table width=\"305\">\n<tbody>\n<tr>\n<td width=\"305\"><strong>AR-15 kammioharja tapilla, 2 kpl<\/strong><\/td>\n<\/tr>\n<tr>\n<td><strong>Grendel AR-15 6.5 kammioharja, 2 kpl<\/strong><\/td>\n<\/tr>\n<tr>\n<td><strong>Creedmoor 6.5 kammioharja, 2 kpl<\/strong><\/td>\n<\/tr>\n<tr>\n<td><strong>AR.308 kiv\u00e4\u00e4rin kammioharja tapilla, 2 kpl<\/strong><\/td>\n<\/tr>\n<\/tbody>\n<\/table>\n","protected":false},"excerpt":{"rendered":"<p><strong>Ensimm\u00e4inen harja 6.5 Creedmoor -patruunapes\u00e4n puhdistukseen<\/strong><\/p>\n","protected":false},"featured_media":107680,"template":"","meta":{"_acf_changed":false},"product_brand":[11476],"product_cat":[13206,13233],"product_tag":[],"class_list":{"0":"post-62898","1":"product","2":"type-product","3":"status-publish","4":"has-post-thumbnail","6":"product_brand-iosso","7":"product_cat-aseen-puhdistus","8":"product_cat-harjat","9":"pa_model-6-5-creedmoor-fi","10":"pa_model-6-5-grendel-fi","11":"pa_model-ar-308-fi","12":"pa_model-ar-15-fi","14":"first","15":"instock","16":"taxable","17":"shipping-taxable","18":"purchasable","19":"product-type-variable","20":"wvs-archive-product-wrapper"},"acf":[],"_links":{"self":[{"href":"https:\/\/staging.nbg.eu\/fi\/wp-json\/wp\/v2\/product\/62898","targetHints":{"allow":["GET"]}}],"collection":[{"href":"https:\/\/staging.nbg.eu\/fi\/wp-json\/wp\/v2\/product"}],"about":[{"href":"https:\/\/staging.nbg.eu\/fi\/wp-json\/wp\/v2\/types\/product"}],"wp:featuredmedia":[{"embeddable":true,"href":"https:\/\/staging.nbg.eu\/fi\/wp-json\/wp\/v2\/media\/107680"}],"wp:attachment":[{"href":"https:\/\/staging.nbg.eu\/fi\/wp-json\/wp\/v2\/media?parent=62898"}],"wp:term":[{"taxonomy":"product_brand","embeddable":true,"href":"https:\/\/staging.nbg.eu\/fi\/wp-json\/wp\/v2\/product_brand?post=62898"},{"taxonomy":"product_cat","embeddable":true,"href":"https:\/\/staging.nbg.eu\/fi\/wp-json\/wp\/v2\/product_cat?post=62898"},{"taxonomy":"product_tag","embeddable":true,"href":"https:\/\/staging.nbg.eu\/fi\/wp-json\/wp\/v2\/product_tag?post=62898"}],"curies":[{"name":"wp","href":"https:\/\/api.w.org\/{rel}","templated":true}]}}