{"id":62514,"date":"2024-02-13T19:59:19","date_gmt":"2024-09-16T11:57:08","guid":{"rendered":"https:\/\/staging.nbg.eu\/product\/geissele-chf-chrome-lined-barrel-5-56-12-5\/"},"modified":"2024-09-16T11:57:56","modified_gmt":"2024-09-16T11:57:56","slug":"geissele-chf-kromipinnoitettu-piippu-556-125","status":"publish","type":"product","link":"https:\/\/staging.nbg.eu\/fi\/tuote\/geissele-chf-kromipinnoitettu-piippu-556-125\/","title":{"rendered":"Geissele CHF, Kromipinnoitettu Piippu, 5.56 &#8211; 12.5&#8243;"},"content":{"rendered":"<div class=\"product-description\">\n<h2>Geissele CHF kromivuorattu piippu &#8211; 5,56 <\/h2>\n<p>Geissele CHF kromivuorattu piippu 5,56 NATO -kaliiberille on valmistettu North Walesissa, Pennsylvaniassa. T\u00e4m\u00e4 piippu yhdist\u00e4\u00e4 nykyaikaisen teknologian ja laadukkaan valmistuksen.<\/p>\n<ul>\n<li>Kylm\u00e4taottu (CHF) kest\u00e4vyyden parantamiseksi<\/li>\n<li>Kromivuorattu korroosionkest\u00e4vyyden lis\u00e4\u00e4miseksi ja helpompaa puhdistusta varten<\/li>\n<li>Korkeapainetestattu (HPT) ja magneettihiukkastarkastettu (MPI) laadun varmistamiseksi<\/li>\n<li>Sopii virka-aseisiin, kilpa-aseisiin ja muihin k\u00e4ytt\u00f6tarkoituksiin<\/li>\n<li>Tarkkuuskoneistettu laadukkaista materiaaleista yhten\u00e4isyyden ja tarkkuuden varmistamiseksi<\/li>\n<\/ul>\n<p>Geissele soveltuu monenlaisiin tilanteisiin.<\/p>\n<\/div>\n","protected":false},"excerpt":{"rendered":"<p>Tarkkuustaottu 5,56 mm:n piippu. HPT\/MPI-testattu luotettavuuden takaamiseksi.<\/p>\n","protected":false},"featured_media":62515,"template":"","meta":{"_acf_changed":false},"product_brand":[11378],"product_cat":[13222,13225,13174,13199],"product_tag":[],"class_list":{"0":"post-62514","1":"product","2":"type-product","3":"status-publish","4":"has-post-thumbnail","6":"product_brand-geissele","7":"product_cat-karbiinit","8":"product_cat-kivaeaeri","9":"product_cat-kivaeaerin-viritys","10":"product_cat-piiput","12":"first","13":"instock","14":"taxable","15":"shipping-taxable","16":"product-type-simple"},"acf":[],"_links":{"self":[{"href":"https:\/\/staging.nbg.eu\/fi\/wp-json\/wp\/v2\/product\/62514","targetHints":{"allow":["GET"]}}],"collection":[{"href":"https:\/\/staging.nbg.eu\/fi\/wp-json\/wp\/v2\/product"}],"about":[{"href":"https:\/\/staging.nbg.eu\/fi\/wp-json\/wp\/v2\/types\/product"}],"wp:featuredmedia":[{"embeddable":true,"href":"https:\/\/staging.nbg.eu\/fi\/wp-json\/wp\/v2\/media\/62515"}],"wp:attachment":[{"href":"https:\/\/staging.nbg.eu\/fi\/wp-json\/wp\/v2\/media?parent=62514"}],"wp:term":[{"taxonomy":"product_brand","embeddable":true,"href":"https:\/\/staging.nbg.eu\/fi\/wp-json\/wp\/v2\/product_brand?post=62514"},{"taxonomy":"product_cat","embeddable":true,"href":"https:\/\/staging.nbg.eu\/fi\/wp-json\/wp\/v2\/product_cat?post=62514"},{"taxonomy":"product_tag","embeddable":true,"href":"https:\/\/staging.nbg.eu\/fi\/wp-json\/wp\/v2\/product_tag?post=62514"}],"curies":[{"name":"wp","href":"https:\/\/api.w.org\/{rel}","templated":true}]}}