{"id":62364,"date":"2024-02-14T06:58:29","date_gmt":"2024-09-16T11:49:54","guid":{"rendered":"https:\/\/staging.nbg.eu\/product\/geissele-super-mcx-ssa-m4-curved-trigger\/"},"modified":"2024-09-16T11:50:40","modified_gmt":"2024-09-16T11:50:40","slug":"geissele-super-mcx-ssa-m4-kaareva-liipaisin","status":"publish","type":"product","link":"https:\/\/staging.nbg.eu\/fi\/tuote\/geissele-super-mcx-ssa-m4-kaareva-liipaisin\/","title":{"rendered":"Geissele Super MCX SSA &#8211; M4 Kaareva Liipaisin"},"content":{"rendered":"<div class=\"product-description\">\n<h2>Geissele Super MCX SSA &#8211; M4 Kaareva Liipaisin<\/h2>\n<p>Geissele Super MCX SSA on kaksivaiheinen liipaisin. Se perustuu CRANE-turvallisuussertifioituun M4-karbiiniliipaisimeen. T\u00e4m\u00e4n noin 4,5 paunan ei-s\u00e4\u00e4dett\u00e4v\u00e4n liipaisimen ominaisuuksia ovat:<\/p>\n<ul>\n<li>Tarkka liipaisimen hallinta<\/li>\n<li>Sopiva tarkkuussovelluksiin<\/li>\n<li>Soveltuu vaativiin tilanteisiin<\/li>\n<li>Sopii mets\u00e4stykseen, lainvalvontaan ja sotilask\u00e4ytt\u00f6\u00f6n<\/li>\n<\/ul>\n<p>Super MCX SSA yhdist\u00e4\u00e4 suorituskyvyn, luotettavuuden, turvallisuuden ja monipuolisuuden.<\/p>\n<\/div>\n","protected":false},"excerpt":{"rendered":"<p>Suorituskykyinen 2-vaiheinen liipaisin tarkkuus- ja l\u00e4hitaisteluammuntaan. 2,04 kg:n laukaisuvastus.<\/p>\n","protected":false},"featured_media":62365,"template":"","meta":{"_acf_changed":false},"product_brand":[11378],"product_cat":[13225,13174,13162],"product_tag":[],"class_list":{"0":"post-62364","1":"product","2":"type-product","3":"status-publish","4":"has-post-thumbnail","6":"product_brand-geissele","7":"product_cat-kivaeaeri","8":"product_cat-kivaeaerin-viritys","9":"product_cat-liipaisinmekanismit","11":"first","12":"instock","13":"taxable","14":"shipping-taxable","15":"product-type-simple"},"acf":[],"_links":{"self":[{"href":"https:\/\/staging.nbg.eu\/fi\/wp-json\/wp\/v2\/product\/62364","targetHints":{"allow":["GET"]}}],"collection":[{"href":"https:\/\/staging.nbg.eu\/fi\/wp-json\/wp\/v2\/product"}],"about":[{"href":"https:\/\/staging.nbg.eu\/fi\/wp-json\/wp\/v2\/types\/product"}],"wp:featuredmedia":[{"embeddable":true,"href":"https:\/\/staging.nbg.eu\/fi\/wp-json\/wp\/v2\/media\/62365"}],"wp:attachment":[{"href":"https:\/\/staging.nbg.eu\/fi\/wp-json\/wp\/v2\/media?parent=62364"}],"wp:term":[{"taxonomy":"product_brand","embeddable":true,"href":"https:\/\/staging.nbg.eu\/fi\/wp-json\/wp\/v2\/product_brand?post=62364"},{"taxonomy":"product_cat","embeddable":true,"href":"https:\/\/staging.nbg.eu\/fi\/wp-json\/wp\/v2\/product_cat?post=62364"},{"taxonomy":"product_tag","embeddable":true,"href":"https:\/\/staging.nbg.eu\/fi\/wp-json\/wp\/v2\/product_tag?post=62364"}],"curies":[{"name":"wp","href":"https:\/\/api.w.org\/{rel}","templated":true}]}}