{"id":62330,"date":"2024-02-14T07:09:17","date_gmt":"2024-09-16T11:47:18","guid":{"rendered":"https:\/\/staging.nbg.eu\/product\/geissele-super-semi-automatic-ssa-trigger\/"},"modified":"2024-09-16T11:48:03","modified_gmt":"2024-09-16T11:48:03","slug":"geissele-super-puoliautomaattinen-ssa-liipaisin","status":"publish","type":"product","link":"https:\/\/staging.nbg.eu\/fi\/tuote\/geissele-super-puoliautomaattinen-ssa-liipaisin\/","title":{"rendered":"Geissele Super Puoliautomaattinen (SSA\u00ae) Liipaisin"},"content":{"rendered":"<h2>Geissele SSA\u00ae -liipaisin<\/h2>\n<p>Geissele SSA\u00ae -liipaisin on puoliautomaattinen versio Super Select-Fire -liipaisimesta. T\u00e4m\u00e4 kiinte\u00e4 kaksivaiheinen liipaisin tarjoaa:<\/p>\n<ul>\n<li>Tarkkuutta t\u00e4sm\u00e4llisiin laukauksiin<\/li>\n<li>Soveltuvuutta l\u00e4hitaisteluun<\/li>\n<li>Crane Naval Surface Warfare Centerin turvallisuussertifioinnin<\/li>\n<li>Soveltuvuutta lainvalvontaan ja dynaamisiin ymp\u00e4rist\u00f6ihin<\/li>\n<\/ul>\n<p>SSA\u00ae:n rakenne mahdollistaa kevyen kosketuksen pitk\u00e4n matkan tarkkuutta varten ja s\u00e4ilytt\u00e4\u00e4 samalla nopean tulen vaatiman joustavuuden. Geissele SSA\u00ae -liipaisin toimii johdonmukaisesti ja luotettavasti keskipitk\u00e4n matkan kiv\u00e4\u00e4rik\u00e4yt\u00f6ss\u00e4 ja stressaavissa tilanteissa.<\/p>\n<p>T\u00e4m\u00e4 liipaisinj\u00e4rjestelm\u00e4 on testattu taisteluk\u00e4yt\u00f6ss\u00e4.<\/p>\n","protected":false},"excerpt":{"rendered":"<p>Tarkka kaksivaiheinen liipaisin monipuoliseen ja tarkkaan ampumiseen.<\/p>\n","protected":false},"featured_media":62239,"template":"","meta":{"_acf_changed":false},"product_brand":[11378],"product_cat":[13225,13174,13162],"product_tag":[],"class_list":{"0":"post-62330","1":"product","2":"type-product","3":"status-publish","4":"has-post-thumbnail","6":"product_brand-geissele","7":"product_cat-kivaeaeri","8":"product_cat-kivaeaerin-viritys","9":"product_cat-liipaisinmekanismit","11":"first","12":"instock","13":"taxable","14":"shipping-taxable","15":"product-type-simple"},"acf":[],"_links":{"self":[{"href":"https:\/\/staging.nbg.eu\/fi\/wp-json\/wp\/v2\/product\/62330","targetHints":{"allow":["GET"]}}],"collection":[{"href":"https:\/\/staging.nbg.eu\/fi\/wp-json\/wp\/v2\/product"}],"about":[{"href":"https:\/\/staging.nbg.eu\/fi\/wp-json\/wp\/v2\/types\/product"}],"wp:featuredmedia":[{"embeddable":true,"href":"https:\/\/staging.nbg.eu\/fi\/wp-json\/wp\/v2\/media\/62239"}],"wp:attachment":[{"href":"https:\/\/staging.nbg.eu\/fi\/wp-json\/wp\/v2\/media?parent=62330"}],"wp:term":[{"taxonomy":"product_brand","embeddable":true,"href":"https:\/\/staging.nbg.eu\/fi\/wp-json\/wp\/v2\/product_brand?post=62330"},{"taxonomy":"product_cat","embeddable":true,"href":"https:\/\/staging.nbg.eu\/fi\/wp-json\/wp\/v2\/product_cat?post=62330"},{"taxonomy":"product_tag","embeddable":true,"href":"https:\/\/staging.nbg.eu\/fi\/wp-json\/wp\/v2\/product_tag?post=62330"}],"curies":[{"name":"wp","href":"https:\/\/api.w.org\/{rel}","templated":true}]}}