{"id":62238,"date":"2024-02-14T07:22:04","date_gmt":"2024-02-14T07:22:04","guid":{"rendered":"https:\/\/staging.nbg.eu\/product\/geissele-super-semi-automatic-enhanced-ssa-e-trigger\/"},"modified":"2024-09-16T11:44:54","modified_gmt":"2024-09-16T11:44:54","slug":"geissele-super-puoliautomaattinen-enhanced-ssa-e-liipaisin","status":"publish","type":"product","link":"https:\/\/staging.nbg.eu\/fi\/tuote\/geissele-super-puoliautomaattinen-enhanced-ssa-e-liipaisin\/","title":{"rendered":"Geissele Super Puoliautomaattinen Enhanced (SSA-E\u2122) Liipaisin"},"content":{"rendered":"<div class=\"product-description\">\n<h2>Geissele Super Semi-Automaattinen Parannettu (SSA-E\u2122) Liipaisin<\/h2>\n<p>Geissele SSA-E\u2122 liipaisin perustuu SSA\u00ae:n runkoon. T\u00e4m\u00e4 parannettu kaksivaiheinen liipaisin tarjoaa:<\/p>\n<ul>\n<li>Kevennetyt vetopainot<\/li>\n<li>Kevyt ensimm\u00e4isen vaiheen veto<\/li>\n<li>Tarkka toisen vaiheen laukaisu<\/li>\n<li>Taistelutestattua luotettavuutta<\/li>\n<li>Ei-s\u00e4\u00e4dett\u00e4v\u00e4 asennusvalmis rakenne<\/li>\n<\/ul>\n<p>SSA-E\u2122 sopii tarkkuuskiv\u00e4\u00e4reille. Se parantaa liipaisimen hallintaa ja aseen tarkkuutta. T\u00e4m\u00e4 puoliautomaattinen versio perustuu Yhdysvaltain erikoisjoukkojen k\u00e4ytt\u00e4m\u00e4\u00e4n t\u00e4ysautomaattiseen taisteluliipaisimeen ja tarjoaa suorituskyky\u00e4 tilanteisiin, joissa luotettavuus on kriittist\u00e4.<\/p>\n<\/div>\n","protected":false},"excerpt":{"rendered":"<p>Parannettu tarkkuusliipaisin tarkka-ampujille: tasainen etuvedon tuntuma, selke\u00e4 laukeamispiste.<\/p>\n","protected":false},"featured_media":62239,"template":"","meta":{"_acf_changed":false},"product_brand":[11378],"product_cat":[13225,13174,13162],"product_tag":[],"class_list":{"0":"post-62238","1":"product","2":"type-product","3":"status-publish","4":"has-post-thumbnail","6":"product_brand-geissele","7":"product_cat-kivaeaeri","8":"product_cat-kivaeaerin-viritys","9":"product_cat-liipaisinmekanismit","11":"first","12":"instock","13":"taxable","14":"shipping-taxable","15":"product-type-simple"},"acf":[],"_links":{"self":[{"href":"https:\/\/staging.nbg.eu\/fi\/wp-json\/wp\/v2\/product\/62238","targetHints":{"allow":["GET"]}}],"collection":[{"href":"https:\/\/staging.nbg.eu\/fi\/wp-json\/wp\/v2\/product"}],"about":[{"href":"https:\/\/staging.nbg.eu\/fi\/wp-json\/wp\/v2\/types\/product"}],"wp:featuredmedia":[{"embeddable":true,"href":"https:\/\/staging.nbg.eu\/fi\/wp-json\/wp\/v2\/media\/62239"}],"wp:attachment":[{"href":"https:\/\/staging.nbg.eu\/fi\/wp-json\/wp\/v2\/media?parent=62238"}],"wp:term":[{"taxonomy":"product_brand","embeddable":true,"href":"https:\/\/staging.nbg.eu\/fi\/wp-json\/wp\/v2\/product_brand?post=62238"},{"taxonomy":"product_cat","embeddable":true,"href":"https:\/\/staging.nbg.eu\/fi\/wp-json\/wp\/v2\/product_cat?post=62238"},{"taxonomy":"product_tag","embeddable":true,"href":"https:\/\/staging.nbg.eu\/fi\/wp-json\/wp\/v2\/product_tag?post=62238"}],"curies":[{"name":"wp","href":"https:\/\/api.w.org\/{rel}","templated":true}]}}