{"id":62096,"date":"2024-02-14T07:32:28","date_gmt":"2024-09-16T11:41:26","guid":{"rendered":"https:\/\/staging.nbg.eu\/product\/geissele-ssa-x-trigger-with-lightning-bow\/"},"modified":"2024-09-16T11:42:11","modified_gmt":"2024-09-16T11:42:11","slug":"geissele-ssa-x-liipaisin-lightning-bow","status":"publish","type":"product","link":"https:\/\/staging.nbg.eu\/fi\/tuote\/geissele-ssa-x-liipaisin-lightning-bow\/","title":{"rendered":"Geissele SSA X Liipaisin Lightning Bow\u00ae"},"content":{"rendered":"<div class=\"product-description\">\n<h2>Geissele SSA X -liipaisin Lightning Bow\u00ae -teknologialla<\/h2>\n<p>SSA-X-liipaisin Lightning Bow\u00ae -teknologialla. T\u00e4m\u00e4 liipaisin yhdist\u00e4\u00e4:<\/p>\n<ul>\n<li>Puolikaareva, leve\u00e4 profiili<\/li>\n<li>Tavallisten kaarevien AR-liipaisimien ja tasaisten liipaisimien parhaat ominaisuudet<\/li>\n<li>Nanoweapon-pinnoite kulumisen ja korroosion kest\u00e4vyyden parantamiseksi<\/li>\n<li>Toimii v\u00e4h\u00e4isell\u00e4 voitelulla<\/li>\n<\/ul>\n<p>SSA:n perinteit\u00e4 noudattaen t\u00e4m\u00e4 k\u00e4ytt\u00f6liipaisin tarjoaa:<\/p>\n<ul>\n<li>Tarkkuus pitk\u00e4n matkan laukauksiin<\/li>\n<li>Soveltuvuus l\u00e4hitaistelutilanteisiin<\/li>\n<\/ul>\n<p>Geissele SSA X -liipaisin AR-aseen suorituskyvyn parantamiseen.<\/p>\n<\/div>\n","protected":false},"excerpt":{"rendered":"<p>Tarkkuusvalmistettu AR-liipaisin hybridikaaren kanssa tarjoaa erinomaisen hallinnan ja kest\u00e4vyyden.<\/p>\n","protected":false},"featured_media":62097,"template":"","meta":{"_acf_changed":false},"product_brand":[11378],"product_cat":[13225,13174,13162],"product_tag":[],"class_list":{"0":"post-62096","1":"product","2":"type-product","3":"status-publish","4":"has-post-thumbnail","6":"product_brand-geissele","7":"product_cat-kivaeaeri","8":"product_cat-kivaeaerin-viritys","9":"product_cat-liipaisinmekanismit","11":"first","12":"instock","13":"taxable","14":"shipping-taxable","15":"product-type-simple"},"acf":[],"_links":{"self":[{"href":"https:\/\/staging.nbg.eu\/fi\/wp-json\/wp\/v2\/product\/62096","targetHints":{"allow":["GET"]}}],"collection":[{"href":"https:\/\/staging.nbg.eu\/fi\/wp-json\/wp\/v2\/product"}],"about":[{"href":"https:\/\/staging.nbg.eu\/fi\/wp-json\/wp\/v2\/types\/product"}],"wp:featuredmedia":[{"embeddable":true,"href":"https:\/\/staging.nbg.eu\/fi\/wp-json\/wp\/v2\/media\/62097"}],"wp:attachment":[{"href":"https:\/\/staging.nbg.eu\/fi\/wp-json\/wp\/v2\/media?parent=62096"}],"wp:term":[{"taxonomy":"product_brand","embeddable":true,"href":"https:\/\/staging.nbg.eu\/fi\/wp-json\/wp\/v2\/product_brand?post=62096"},{"taxonomy":"product_cat","embeddable":true,"href":"https:\/\/staging.nbg.eu\/fi\/wp-json\/wp\/v2\/product_cat?post=62096"},{"taxonomy":"product_tag","embeddable":true,"href":"https:\/\/staging.nbg.eu\/fi\/wp-json\/wp\/v2\/product_tag?post=62096"}],"curies":[{"name":"wp","href":"https:\/\/api.w.org\/{rel}","templated":true}]}}