{"id":62033,"date":"2024-02-14T07:49:55","date_gmt":"2024-09-16T11:38:24","guid":{"rendered":"https:\/\/staging.nbg.eu\/product\/geissele-ssa-e-x-trigger-with-lightning-bow\/"},"modified":"2024-09-16T11:39:11","modified_gmt":"2024-09-16T11:39:11","slug":"geissele-ssa-e-x-liipaisin-lightning-bow","status":"publish","type":"product","link":"https:\/\/staging.nbg.eu\/fi\/tuote\/geissele-ssa-e-x-liipaisin-lightning-bow\/","title":{"rendered":"Geissele SSA-E X Liipaisin Lightning Bow\u00ae"},"content":{"rendered":"<div class=\"product-description\">\n<h2>Geissele SSA-E X -liipaisin Lightning Bow\u00ae -muotoilulla<\/h2>\n<p>SSA-E X\u2122 Lightning Bow\u00ae -liipaisimen ominaisuudet:<\/p>\n<ul>\n<li>Puolikaareva, leve\u00e4 profiili<\/li>\n<li>Nanoweapon-pinnoite kest\u00e4vyyden parantamiseksi<\/li>\n<li>Kevyt ensimm\u00e4isen vaiheen veto<\/li>\n<li>Tarkka toisen vaiheen laukaisu<\/li>\n<\/ul>\n<p>Sopii tarkkuuskiv\u00e4\u00e4reille. SSA-E X\u2122 tarjoaa tarkkuutta ja luotettavuutta. Sen muotoilu yhdist\u00e4\u00e4 kaarevien ja suorien liipaisimien ominaisuuksia, toimien hyvin v\u00e4h\u00e4isell\u00e4kin voitelulla.<\/p>\n<\/div>\n","protected":false},"excerpt":{"rendered":"<p>Tarkka AR-liipaisin hybridijousimuotoilulla ylivertaista hallintaa ja tarkkuutta varten.<\/p>\n","protected":false},"featured_media":62034,"template":"","meta":{"_acf_changed":false},"product_brand":[11378],"product_cat":[13225,13174,13162],"product_tag":[],"class_list":{"0":"post-62033","1":"product","2":"type-product","3":"status-publish","4":"has-post-thumbnail","6":"product_brand-geissele","7":"product_cat-kivaeaeri","8":"product_cat-kivaeaerin-viritys","9":"product_cat-liipaisinmekanismit","11":"first","12":"instock","13":"taxable","14":"shipping-taxable","15":"product-type-simple"},"acf":[],"_links":{"self":[{"href":"https:\/\/staging.nbg.eu\/fi\/wp-json\/wp\/v2\/product\/62033","targetHints":{"allow":["GET"]}}],"collection":[{"href":"https:\/\/staging.nbg.eu\/fi\/wp-json\/wp\/v2\/product"}],"about":[{"href":"https:\/\/staging.nbg.eu\/fi\/wp-json\/wp\/v2\/types\/product"}],"wp:featuredmedia":[{"embeddable":true,"href":"https:\/\/staging.nbg.eu\/fi\/wp-json\/wp\/v2\/media\/62034"}],"wp:attachment":[{"href":"https:\/\/staging.nbg.eu\/fi\/wp-json\/wp\/v2\/media?parent=62033"}],"wp:term":[{"taxonomy":"product_brand","embeddable":true,"href":"https:\/\/staging.nbg.eu\/fi\/wp-json\/wp\/v2\/product_brand?post=62033"},{"taxonomy":"product_cat","embeddable":true,"href":"https:\/\/staging.nbg.eu\/fi\/wp-json\/wp\/v2\/product_cat?post=62033"},{"taxonomy":"product_tag","embeddable":true,"href":"https:\/\/staging.nbg.eu\/fi\/wp-json\/wp\/v2\/product_tag?post=62033"}],"curies":[{"name":"wp","href":"https:\/\/api.w.org\/{rel}","templated":true}]}}