{"id":61969,"date":"2024-02-14T11:11:36","date_gmt":"2024-09-16T11:22:08","guid":{"rendered":"https:\/\/staging.nbg.eu\/product\/geissele-super-dynamic-enhanced-sd-e-trigger\/"},"modified":"2024-09-16T11:22:54","modified_gmt":"2024-09-16T11:22:54","slug":"geissele-super-dynamic-enhanced-sd-e-liipaisin","status":"publish","type":"product","link":"https:\/\/staging.nbg.eu\/fi\/tuote\/geissele-super-dynamic-enhanced-sd-e-liipaisin\/","title":{"rendered":"Geissele Super Dynamic Enhanced (SD-E) Liipaisin"},"content":{"rendered":"<div class=\"product-description\">\n<h2>Geissele Super Dynamic Enhanced (SD-E) -liipaisin<\/h2>\n<p>Geissele SD-E -liipaisin on kaksivaiheinen liipaisin, joka sis\u00e4lt\u00e4\u00e4 seuraavat ominaisuudet:<\/p>\n<ul>\n<li>Tasainen liipaisimen kaari<\/li>\n<li>Tarkasti s\u00e4\u00e4detty mekanismi<\/li>\n<li>Parantaa aseen tarkkuutta<\/li>\n<li>Luotettava k\u00e4yt\u00f6ss\u00e4<\/li>\n<\/ul>\n<p>SD-E on SSA-E:n tasaisen kaaren versio. Se tarjoaa:<\/p>\n<ul>\n<li>Selke\u00e4n laukaisun<\/li>\n<li>Yhdenmukaisen laukaisuvoiman<\/li>\n<li>Nopeammat toistolaukaukset<\/li>\n<\/ul>\n<p>Geissele SD-E -liipaisin on suunniteltu parantamaan aseen tarkkuutta ja suorituskyky\u00e4.<\/p>\n<\/div>\n","protected":false},"excerpt":{"rendered":"<p>Tarkka tasaisen jousen kaksivaiheinen liipaisin parantaa hallintaa ja tarkkuutta.<\/p>\n","protected":false},"featured_media":61970,"template":"","meta":{"_acf_changed":false},"product_brand":[11378],"product_cat":[13225,13174,13162],"product_tag":[],"class_list":{"0":"post-61969","1":"product","2":"type-product","3":"status-publish","4":"has-post-thumbnail","6":"product_brand-geissele","7":"product_cat-kivaeaeri","8":"product_cat-kivaeaerin-viritys","9":"product_cat-liipaisinmekanismit","11":"first","12":"instock","13":"taxable","14":"shipping-taxable","15":"product-type-simple"},"acf":[],"_links":{"self":[{"href":"https:\/\/staging.nbg.eu\/fi\/wp-json\/wp\/v2\/product\/61969","targetHints":{"allow":["GET"]}}],"collection":[{"href":"https:\/\/staging.nbg.eu\/fi\/wp-json\/wp\/v2\/product"}],"about":[{"href":"https:\/\/staging.nbg.eu\/fi\/wp-json\/wp\/v2\/types\/product"}],"wp:featuredmedia":[{"embeddable":true,"href":"https:\/\/staging.nbg.eu\/fi\/wp-json\/wp\/v2\/media\/61970"}],"wp:attachment":[{"href":"https:\/\/staging.nbg.eu\/fi\/wp-json\/wp\/v2\/media?parent=61969"}],"wp:term":[{"taxonomy":"product_brand","embeddable":true,"href":"https:\/\/staging.nbg.eu\/fi\/wp-json\/wp\/v2\/product_brand?post=61969"},{"taxonomy":"product_cat","embeddable":true,"href":"https:\/\/staging.nbg.eu\/fi\/wp-json\/wp\/v2\/product_cat?post=61969"},{"taxonomy":"product_tag","embeddable":true,"href":"https:\/\/staging.nbg.eu\/fi\/wp-json\/wp\/v2\/product_tag?post=61969"}],"curies":[{"name":"wp","href":"https:\/\/api.w.org\/{rel}","templated":true}]}}