{"id":61907,"date":"2024-02-14T11:24:38","date_gmt":"2024-09-16T11:18:21","guid":{"rendered":"https:\/\/staging.nbg.eu\/product\/geissele-super-dynamic-3-gun-sd-3g-trigger\/"},"modified":"2024-09-16T11:19:08","modified_gmt":"2024-09-16T11:19:08","slug":"geissele-super-dynamic-3-gun-sd-3g-liipaisin","status":"publish","type":"product","link":"https:\/\/staging.nbg.eu\/fi\/tuote\/geissele-super-dynamic-3-gun-sd-3g-liipaisin\/","title":{"rendered":"Geissele Super Dynamic 3 Gun (SD-3G) Liipaisin"},"content":{"rendered":"<div class=\"product-description\">\n<h2>Geissele Super Dynamic 3 Gun (SD-3G) Liipaisin<\/h2>\n<p>Geissele SD-3G liipaisimen ominaisuudet:<\/p>\n<ul>\n<li>Tasainen liipaisinkaari v\u00e4hent\u00e4\u00e4 havaittua vetopainoa<\/li>\n<li>Hybridimalli, jossa yhdistyv\u00e4t yksi- ja kaksivaiheisen liipaisimen ominaisuudet<\/li>\n<li>Lyhennetty vetopituus ja nopea palautus<\/li>\n<li>Parannettu tuntopalaute k\u00e4ytt\u00e4j\u00e4n hallintaa varten<\/li>\n<li>Sopii 3 Gun -kilpailuammuntaan<\/li>\n<\/ul>\n<p>Soveltuu lyhyiden ratojen kilpailuihin, jotka vaativat nopeaa maaliin osumista ja seurantaa. Ei suositella virkak\u00e4ytt\u00f6\u00f6n, penkkiammuntaan tai tarkkuusammuntaan.<\/p>\n<p><strong>Huomio:<\/strong> SD-3G tarjoaa nopeutta s\u00e4ilytt\u00e4en kaksivaiheisen taisteluliipaisimen turvallisuuden ja kest\u00e4vyyden.<\/p>\n<\/div>\n","protected":false},"excerpt":{"rendered":"<p>Litte\u00e4kaarinen 3-asekilpailun liipaisin: eritt\u00e4in nopea, lyhyt veto, nopea palautus.<\/p>\n","protected":false},"featured_media":61908,"template":"","meta":{"_acf_changed":false},"product_brand":[11378],"product_cat":[13225,13174,13162],"product_tag":[],"class_list":{"0":"post-61907","1":"product","2":"type-product","3":"status-publish","4":"has-post-thumbnail","6":"product_brand-geissele","7":"product_cat-kivaeaeri","8":"product_cat-kivaeaerin-viritys","9":"product_cat-liipaisinmekanismit","11":"first","12":"outofstock","13":"taxable","14":"shipping-taxable","15":"product-type-simple"},"acf":[],"_links":{"self":[{"href":"https:\/\/staging.nbg.eu\/fi\/wp-json\/wp\/v2\/product\/61907","targetHints":{"allow":["GET"]}}],"collection":[{"href":"https:\/\/staging.nbg.eu\/fi\/wp-json\/wp\/v2\/product"}],"about":[{"href":"https:\/\/staging.nbg.eu\/fi\/wp-json\/wp\/v2\/types\/product"}],"wp:featuredmedia":[{"embeddable":true,"href":"https:\/\/staging.nbg.eu\/fi\/wp-json\/wp\/v2\/media\/61908"}],"wp:attachment":[{"href":"https:\/\/staging.nbg.eu\/fi\/wp-json\/wp\/v2\/media?parent=61907"}],"wp:term":[{"taxonomy":"product_brand","embeddable":true,"href":"https:\/\/staging.nbg.eu\/fi\/wp-json\/wp\/v2\/product_brand?post=61907"},{"taxonomy":"product_cat","embeddable":true,"href":"https:\/\/staging.nbg.eu\/fi\/wp-json\/wp\/v2\/product_cat?post=61907"},{"taxonomy":"product_tag","embeddable":true,"href":"https:\/\/staging.nbg.eu\/fi\/wp-json\/wp\/v2\/product_tag?post=61907"}],"curies":[{"name":"wp","href":"https:\/\/api.w.org\/{rel}","templated":true}]}}