{"id":61486,"date":"2024-02-14T20:12:21","date_gmt":"2024-09-16T10:54:28","guid":{"rendered":"https:\/\/staging.nbg.eu\/product\/geissele-13-5-super-modular-rail-mk16-m-lok\/"},"modified":"2024-09-16T11:03:03","modified_gmt":"2024-09-16T11:03:03","slug":"geissele-135-super-modular-rail-mk16-m-lok","status":"publish","type":"product","link":"https:\/\/staging.nbg.eu\/fi\/tuote\/geissele-135-super-modular-rail-mk16-m-lok\/","title":{"rendered":"Geissele 13.5&#8243; Super Modular Rail MK16 M-LOK\u00ae"},"content":{"rendered":"<h2 style=\"text-align: center\"><b>13,5&#8243; Super Modular Rail MK16 M-LOK\u00ae<\/b><\/h2>\n<p>Geissele Super Modular Rail MK16 asennetaan AR-15:n ylemp\u00e4\u00e4n vastaanottimeen p\u00e4ivitetyll\u00e4 Geissele-piipunmutterisuunnittelulla. Se on helppo asentaa ja yll\u00e4pit\u00e4\u00e4, ja tarjoaa hyv\u00e4n j\u00e4ykkyyden. Kiertymisenestolaipat ja s\u00e4\u00e4t\u00f6ruuvit varmistavat, ettei kisko kierry. <b>M1913 picatinny -kisko p\u00e4\u00e4ll\u00e4 ja M-LOK\u2122<\/b> -urat joka nelj\u00e4nneksell\u00e4 mahdollistavat lis\u00e4varusteiden kiinnityksen. Geissele SMR MK16 on koneistettu <b>7000-sarjan alumiinista<\/b> sen vahvuuden, j\u00e4ykkyyden ja keveyden vuoksi, ja siin\u00e4 on kest\u00e4v\u00e4 tyypin 3 anodisoitu pinnoite.<\/p>\n<p>Super Modular Rail 13,5&#8243; (SMR) MK16 M-LOK\u00ae, NSN# 1005-01-672-4794 (13,5&#8243;), <b>on valittu USASOC:n URG-I-ohjelmaan (Upper Receiver Group Improved)<\/b>.<\/p>\n<p>&nbsp;<\/p>\n<h2 style=\"text-align: center\"><strong>TEKNISET TIEDOT<\/strong><\/h2>\n<hr \/>\n<table border=\"1\">\n<tbody>\n<tr>\n<td><strong>KORKEUS: <\/strong><\/td>\n<td> 2,39&#8243;<\/td>\n<\/tr>\n<tr>\n<td><strong>V\u00c4RI: <\/strong><\/td>\n<td> Musta, DDC, Harmaa, ODG<\/td>\n<\/tr>\n<tr>\n<td><strong>MATERIAALI: <\/strong><\/td>\n<td> 7000-sarjan alumiini<\/td>\n<\/tr>\n<tr>\n<td><strong>VIIMEISTELY: <\/strong><\/td>\n<td> Tyypin 3 anodisointi<\/td>\n<\/tr>\n<tr>\n<td><strong>SAATAVAT PITUUDET: <\/strong><\/td>\n<td> 9,3&#8243;, 10,5&#8243;, 13,5&#8243;, 15&#8243;<\/td>\n<\/tr>\n<tr>\n<td><strong>SIS\u00c4HALKAISIJA: <\/strong><\/td>\n<td> 1,26&#8243;<\/td>\n<\/tr>\n<tr>\n<td><strong>ULKOHALKAISIJA (DAQ*): <\/strong><\/td>\n<td> 1,59&#8243;<\/td>\n<\/tr>\n<tr>\n<td><strong>SMR MK16 9,3&#8243; PAINO: <\/strong><\/td>\n<td> 10,1 unssia (11,74 unssia piipunmutterin kanssa)<\/td>\n<\/tr>\n<tr>\n<td><strong>SMR MK16 10,5&#8243; PAINO: <\/strong><\/td>\n<td> 11 unssia (12,6 unssia piipunmutterin kanssa)<\/td>\n<\/tr>\n<tr>\n<td><strong>SMR MK16 13,5&#8243; PAINO: <\/strong><\/td>\n<td> 13,4 unssia (14,9 unssia piipunmutterin kanssa)<\/td>\n<\/tr>\n<tr>\n<td><strong>SMR MK16 15&#8243; PAINO: <\/strong><\/td>\n<td> 14,2 unssia (15,8 unssia piipunmutterin kanssa)<\/td>\n<\/tr>\n<\/tbody>\n<\/table>\n<p><em>*DAQ &#8211; Et\u00e4isyys nelj\u00e4nnesten poikki<\/em><\/p>\n","protected":false},"excerpt":{"rendered":"<p><strong>Ylivertainen suorituskyky vaativimmille ampujille<\/strong><\/p>\n","protected":false},"featured_media":61487,"template":"","meta":{"_acf_changed":false},"product_brand":[11378],"product_cat":[13222,13173,13225,13174],"product_tag":[],"class_list":{"0":"post-61486","1":"product","2":"type-product","3":"status-publish","4":"has-post-thumbnail","6":"product_brand-geissele","7":"product_cat-karbiinit","8":"product_cat-kiskot","9":"product_cat-kivaeaeri","10":"product_cat-kivaeaerin-viritys","12":"first","13":"instock","14":"taxable","15":"shipping-taxable","16":"product-type-variable","17":"wvs-archive-product-wrapper"},"acf":[],"_links":{"self":[{"href":"https:\/\/staging.nbg.eu\/fi\/wp-json\/wp\/v2\/product\/61486","targetHints":{"allow":["GET"]}}],"collection":[{"href":"https:\/\/staging.nbg.eu\/fi\/wp-json\/wp\/v2\/product"}],"about":[{"href":"https:\/\/staging.nbg.eu\/fi\/wp-json\/wp\/v2\/types\/product"}],"wp:featuredmedia":[{"embeddable":true,"href":"https:\/\/staging.nbg.eu\/fi\/wp-json\/wp\/v2\/media\/61487"}],"wp:attachment":[{"href":"https:\/\/staging.nbg.eu\/fi\/wp-json\/wp\/v2\/media?parent=61486"}],"wp:term":[{"taxonomy":"product_brand","embeddable":true,"href":"https:\/\/staging.nbg.eu\/fi\/wp-json\/wp\/v2\/product_brand?post=61486"},{"taxonomy":"product_cat","embeddable":true,"href":"https:\/\/staging.nbg.eu\/fi\/wp-json\/wp\/v2\/product_cat?post=61486"},{"taxonomy":"product_tag","embeddable":true,"href":"https:\/\/staging.nbg.eu\/fi\/wp-json\/wp\/v2\/product_tag?post=61486"}],"curies":[{"name":"wp","href":"https:\/\/api.w.org\/{rel}","templated":true}]}}