{"id":61311,"date":"2024-02-14T20:22:23","date_gmt":"2024-09-16T10:48:16","guid":{"rendered":"https:\/\/staging.nbg.eu\/product\/geissele-15-super-modular-rail-mk16-m-lok\/"},"modified":"2024-09-16T10:49:08","modified_gmt":"2024-09-16T10:49:08","slug":"geissele-15-super-modular-rail-mk16-m-lok","status":"publish","type":"product","link":"https:\/\/staging.nbg.eu\/fi\/tuote\/geissele-15-super-modular-rail-mk16-m-lok\/","title":{"rendered":"Geissele 15&#8243; Super Modular Rail MK16 M-LOK\u00ae"},"content":{"rendered":"<h2 style=\"text-align: center\"><strong>15\u2033 Super Modular Rail MK16 M-LOK\u00ae<\/strong><\/h2>\n<p>Geissele Super Modular Rail MK16 asennetaan AR-15:n yl\u00e4vastaanottimeen p\u00e4ivitetyll\u00e4 Geissele-piipunmutterilla. Se on helppo asentaa ja huoltaa sek\u00e4 tarjoaa hyv\u00e4n j\u00e4ykkyyden. Py\u00f6rimisenestolaipat ja s\u00e4\u00e4t\u00f6ruuvit varmistavat, ettei kisko py\u00f6ri. M<b>1913 picatinny-kisko p\u00e4\u00e4ll\u00e4 ja M-LOK\u2122<\/b>-urat joka nelj\u00e4nneksell\u00e4 mahdollistavat lis\u00e4varusteiden kiinnityksen. Valmistettu <b>7000-sarjan alumiinista<\/b> ja viimeistelty kest\u00e4v\u00e4ll\u00e4 tyypin 3 kovapinnoiteanodisoinilla.<\/p>\n<p>Super Modular Rail 13.5&#8243; (SMR) MK16 M-LOK\u00ae, NSN# 1005-01-672-4794 (13.5&#8243;), <b>on valittu USASOC:n URG-I-ohjelmaan (Upper Receiver Group Improved)<\/b>.<\/p>\n<h2 style=\"text-align: center\"><strong>TEKNISET TIEDOT<\/strong><\/h2>\n<hr \/>\n<table border=\"1\">\n<tbody>\n<tr>\n<td><strong>KORKEUS: <\/strong><\/td>\n<td> 2,39&#8243;<\/td>\n<\/tr>\n<tr>\n<td><strong>V\u00c4RI: <\/strong><\/td>\n<td> Musta, DDC, Harmaa, ODG<\/td>\n<\/tr>\n<tr>\n<td><strong>MATERIAALI: <\/strong><\/td>\n<td> 7000-sarjan alumiini<\/td>\n<\/tr>\n<tr>\n<td><strong>PINTAK\u00c4SITTELY: <\/strong><\/td>\n<td> Tyypin 3 kovapinnoiteanodisointi<\/td>\n<\/tr>\n<tr>\n<td><strong>SAATAVAT PITUUDET: <\/strong><\/td>\n<td> 9,3&#8243;, 10,5&#8243;, 13,5&#8243;<\/td>\n<\/tr>\n<tr>\n<td><strong>SIS\u00c4HALKAISIJA: <\/strong><\/td>\n<td> 1,26&#8243;<\/td>\n<\/tr>\n<tr>\n<td><strong>ULKOHALKAISIJA (DAQ*): <\/strong><\/td>\n<td> 1,59&#8243;<\/td>\n<\/tr>\n<tr>\n<td><strong>SMR MK16 9,3&#8243; PAINO: <\/strong><\/td>\n<td> 286 g (333 g piipunmutterin kanssa)<\/td>\n<\/tr>\n<tr>\n<td><strong>SMR MK16 10,5&#8243; PAINO: <\/strong><\/td>\n<td> 312 g (357 g piipunmutterin kanssa)<\/td>\n<\/tr>\n<tr>\n<td><strong>SMR MK16 13,5&#8243; PAINO: <\/strong><\/td>\n<td> 380 g (422 g piipunmutterin kanssa)<\/td>\n<\/tr>\n<\/tbody>\n<\/table>\n<p><em>*DAQ &#8211; Et\u00e4isyys nelj\u00e4nnesten poikki<\/em><\/p>\n","protected":false},"excerpt":{"rendered":"<p><strong>Ylivertainen suorituskyky vaativimmille ampujille<\/strong><\/p>\n","protected":false},"featured_media":61312,"template":"","meta":{"_acf_changed":false},"product_brand":[11378],"product_cat":[13222,13173,13225,13174],"product_tag":[],"class_list":{"0":"post-61311","1":"product","2":"type-product","3":"status-publish","4":"has-post-thumbnail","6":"product_brand-geissele","7":"product_cat-karbiinit","8":"product_cat-kiskot","9":"product_cat-kivaeaeri","10":"product_cat-kivaeaerin-viritys","12":"first","13":"instock","14":"taxable","15":"shipping-taxable","16":"product-type-variable","17":"wvs-archive-product-wrapper"},"acf":[],"_links":{"self":[{"href":"https:\/\/staging.nbg.eu\/fi\/wp-json\/wp\/v2\/product\/61311","targetHints":{"allow":["GET"]}}],"collection":[{"href":"https:\/\/staging.nbg.eu\/fi\/wp-json\/wp\/v2\/product"}],"about":[{"href":"https:\/\/staging.nbg.eu\/fi\/wp-json\/wp\/v2\/types\/product"}],"wp:featuredmedia":[{"embeddable":true,"href":"https:\/\/staging.nbg.eu\/fi\/wp-json\/wp\/v2\/media\/61312"}],"wp:attachment":[{"href":"https:\/\/staging.nbg.eu\/fi\/wp-json\/wp\/v2\/media?parent=61311"}],"wp:term":[{"taxonomy":"product_brand","embeddable":true,"href":"https:\/\/staging.nbg.eu\/fi\/wp-json\/wp\/v2\/product_brand?post=61311"},{"taxonomy":"product_cat","embeddable":true,"href":"https:\/\/staging.nbg.eu\/fi\/wp-json\/wp\/v2\/product_cat?post=61311"},{"taxonomy":"product_tag","embeddable":true,"href":"https:\/\/staging.nbg.eu\/fi\/wp-json\/wp\/v2\/product_tag?post=61311"}],"curies":[{"name":"wp","href":"https:\/\/api.w.org\/{rel}","templated":true}]}}