{"id":60985,"date":"2024-02-14T20:33:29","date_gmt":"2024-09-16T10:40:09","guid":{"rendered":"https:\/\/staging.nbg.eu\/product\/geissele-16-super-modular-rail-mk18-m-lok\/"},"modified":"2024-09-16T10:41:03","modified_gmt":"2024-09-16T10:41:03","slug":"geissele-16-super-modular-rail-mk18-m-lok","status":"publish","type":"product","link":"https:\/\/staging.nbg.eu\/fi\/tuote\/geissele-16-super-modular-rail-mk18-m-lok\/","title":{"rendered":"Geissele 16&#8243; Super Modular Rail MK18 M-LOK\u00ae"},"content":{"rendered":"<h2 style=\"text-align: center\"><b>16&#8243; Super Modular Rail MK18 M-LOK\u00ae<\/b><\/h2>\n<p>MK18 on Geissele Super Modular -kiskosarjan uusin malli, joka on suunniteltu yhteensopivaksi <b>Arca-Swiss-pikakiinnitysj\u00e4rjestelm\u00e4n<\/b> kanssa. T\u00e4m\u00e4 uusi k\u00e4situki perustuu MK16 M-LOK Super Modular Rail -malliin. MK18:n tasainen pohja sis\u00e4lt\u00e4\u00e4 &#8221;Arca-tyyppisen&#8221; 35 mm leve\u00e4n muodon 45 asteen kulmalla, mik\u00e4 mahdollistaa nopean kiinnityksen Arca-Swiss-pikakiinnitysalustaan. MK18 sis\u00e4lt\u00e4\u00e4 Geisselen <b>2,25 tuuman pituisen piipunmutterin<\/b>. 16 tuuman pituinen MK18 on 3D-tarkkuusty\u00f6stetty k\u00e4ytt\u00e4en 7000-sarjan alumiinia.<\/p>\n<p>MK18 hy\u00f6dynt\u00e4\u00e4 <b>Magpulin M-LOK-teknologiaa kolmessa p\u00e4\u00e4suunnassa<\/b> (vasen, oikea ja ala) sek\u00e4 yl\u00e4osan 45 asteen kulmissa. MK18 Super Modular -kisko on <b>viimeistelty kest\u00e4v\u00e4ll\u00e4 tyypin 3 kovapinnoiteanodisointilla<\/b> ja saatavana joko mustana tai Geisselen DDC-viimeistelyll\u00e4.<\/p>\n<p>Geissele Super Modular Rail MK18 on <b>yhteensopiva mil-spec AR15 -mallisten kiv\u00e4\u00e4rien kanssa.<\/b><\/p>\n<h2 style=\"text-align: center\"><strong>TEKNISET TIEDOT<\/strong><\/h2>\n<hr \/>\n<table border=\"1\">\n<tbody>\n<tr>\n<td><strong>KORKEUS: <\/strong><\/td>\n<td> 2,08<\/td>\n<\/tr>\n<tr>\n<td><strong>V\u00c4RI: <\/strong><\/td>\n<td> DDC \/ Musta<\/td>\n<\/tr>\n<tr>\n<td><strong>MATERIAALI: <\/strong><\/td>\n<td> 7000-sarjan alumiini<\/td>\n<\/tr>\n<tr>\n<td><strong>VIIMEISTELY: <\/strong><\/td>\n<td> Tyypin 3 kovapinnoiteanodisointi<\/td>\n<\/tr>\n<tr>\n<td><strong>PITUUS: <\/strong><\/td>\n<td> 16,5&#8243;<\/td>\n<\/tr>\n<tr>\n<td><strong>SIS\u00c4HALKAISIJA: <\/strong><\/td>\n<td> 1,26&#8243;<\/td>\n<\/tr>\n<tr>\n<td><strong>ULKOHALKAISIJA (DAQ*): <\/strong><\/td>\n<td> 1,59&#8243;<\/td>\n<\/tr>\n<tr>\n<td><strong>SMR MK18 PAINO: <\/strong><\/td>\n<td> 17oz (18,4oz piipunmutterin kanssa)<\/td>\n<\/tr>\n<\/tbody>\n<\/table>\n<p>&nbsp;<\/p>\n<p><em>*DAQ &#8211; Et\u00e4isyys nelj\u00e4nnesten v\u00e4lill\u00e4<\/em><\/p>\n","protected":false},"excerpt":{"rendered":"<p><strong>Suunniteltu toimimaan yhdess\u00e4 Arca-Swiss-pikakiinnitysj\u00e4rjestelm\u00e4n kanssa<\/strong><\/p>\n","protected":false},"featured_media":60986,"template":"","meta":{"_acf_changed":false},"product_brand":[11378],"product_cat":[13222,13173,13225,13174],"product_tag":[],"class_list":{"0":"post-60985","1":"product","2":"type-product","3":"status-publish","4":"has-post-thumbnail","6":"product_brand-geissele","7":"product_cat-karbiinit","8":"product_cat-kiskot","9":"product_cat-kivaeaeri","10":"product_cat-kivaeaerin-viritys","12":"first","13":"outofstock","14":"taxable","15":"shipping-taxable","16":"product-type-variable","17":"wvs-archive-product-wrapper"},"acf":[],"_links":{"self":[{"href":"https:\/\/staging.nbg.eu\/fi\/wp-json\/wp\/v2\/product\/60985","targetHints":{"allow":["GET"]}}],"collection":[{"href":"https:\/\/staging.nbg.eu\/fi\/wp-json\/wp\/v2\/product"}],"about":[{"href":"https:\/\/staging.nbg.eu\/fi\/wp-json\/wp\/v2\/types\/product"}],"wp:featuredmedia":[{"embeddable":true,"href":"https:\/\/staging.nbg.eu\/fi\/wp-json\/wp\/v2\/media\/60986"}],"wp:attachment":[{"href":"https:\/\/staging.nbg.eu\/fi\/wp-json\/wp\/v2\/media?parent=60985"}],"wp:term":[{"taxonomy":"product_brand","embeddable":true,"href":"https:\/\/staging.nbg.eu\/fi\/wp-json\/wp\/v2\/product_brand?post=60985"},{"taxonomy":"product_cat","embeddable":true,"href":"https:\/\/staging.nbg.eu\/fi\/wp-json\/wp\/v2\/product_cat?post=60985"},{"taxonomy":"product_tag","embeddable":true,"href":"https:\/\/staging.nbg.eu\/fi\/wp-json\/wp\/v2\/product_tag?post=60985"}],"curies":[{"name":"wp","href":"https:\/\/api.w.org\/{rel}","templated":true}]}}