{"id":60811,"date":"2024-02-14T20:38:31","date_gmt":"2024-09-16T10:32:03","guid":{"rendered":"https:\/\/staging.nbg.eu\/product\/alg-defense-emr-v3x-15-handguard-black\/"},"modified":"2024-09-16T10:32:48","modified_gmt":"2024-09-16T10:32:48","slug":"alg-defense-emr-v3x-15-kaesisuoja-musta","status":"publish","type":"product","link":"https:\/\/staging.nbg.eu\/fi\/tuote\/alg-defense-emr-v3x-15-kaesisuoja-musta\/","title":{"rendered":"ALG Defense EMR V3X 15&#8243; K\u00e4sisuoja &#8211; Musta"},"content":{"rendered":"<p>ALG Defense EMR V3X 15&#8243; k\u00e4sisuoja mustana tarjoaa M-LOK-tukij\u00e4rjestelm\u00e4n. Lis\u00e4varusteita voi kiinnitt\u00e4\u00e4 kello 2, 4, 6, 8 ja 10 kohtiin. Siin\u00e4 on t\u00e4yspitk\u00e4 M1913 picatinny-kisko kello 12 kohdassa t\u00e4ht\u00e4imien, lasereiden, valojen ja muiden optiikkojen kiinnitt\u00e4mist\u00e4 varten. Sopii aseen mukauttamiseen k\u00e4ytt\u00e4j\u00e4n tarpeisiin.<\/p>\n","protected":false},"excerpt":{"rendered":"<p>Monipuolinen 15&#8243; M-LOK etukahva t\u00e4yspitk\u00e4ll\u00e4 Picatinny-kiskolla.<\/p>\n","protected":false},"featured_media":60812,"template":"","meta":{"_acf_changed":false},"product_brand":[11378],"product_cat":[13173,13225,13174],"product_tag":[],"class_list":{"0":"post-60811","1":"product","2":"type-product","3":"status-publish","4":"has-post-thumbnail","6":"product_brand-geissele","7":"product_cat-kiskot","8":"product_cat-kivaeaeri","9":"product_cat-kivaeaerin-viritys","11":"first","12":"instock","13":"taxable","14":"shipping-taxable","15":"product-type-simple"},"acf":[],"_links":{"self":[{"href":"https:\/\/staging.nbg.eu\/fi\/wp-json\/wp\/v2\/product\/60811","targetHints":{"allow":["GET"]}}],"collection":[{"href":"https:\/\/staging.nbg.eu\/fi\/wp-json\/wp\/v2\/product"}],"about":[{"href":"https:\/\/staging.nbg.eu\/fi\/wp-json\/wp\/v2\/types\/product"}],"wp:featuredmedia":[{"embeddable":true,"href":"https:\/\/staging.nbg.eu\/fi\/wp-json\/wp\/v2\/media\/60812"}],"wp:attachment":[{"href":"https:\/\/staging.nbg.eu\/fi\/wp-json\/wp\/v2\/media?parent=60811"}],"wp:term":[{"taxonomy":"product_brand","embeddable":true,"href":"https:\/\/staging.nbg.eu\/fi\/wp-json\/wp\/v2\/product_brand?post=60811"},{"taxonomy":"product_cat","embeddable":true,"href":"https:\/\/staging.nbg.eu\/fi\/wp-json\/wp\/v2\/product_cat?post=60811"},{"taxonomy":"product_tag","embeddable":true,"href":"https:\/\/staging.nbg.eu\/fi\/wp-json\/wp\/v2\/product_tag?post=60811"}],"curies":[{"name":"wp","href":"https:\/\/api.w.org\/{rel}","templated":true}]}}