{"id":60405,"date":"2024-02-15T07:17:14","date_gmt":"2024-02-15T07:17:14","guid":{"rendered":"https:\/\/staging.nbg.eu\/product\/geissele-super-42-rifle-length-spring\/"},"modified":"2024-09-13T16:16:25","modified_gmt":"2024-09-13T16:16:25","slug":"geissele-super-42-kivaeaerin-pituinen-jousi","status":"publish","type":"product","link":"https:\/\/staging.nbg.eu\/fi\/tuote\/geissele-super-42-kivaeaerin-pituinen-jousi\/","title":{"rendered":"Geissele Super 42 Kiv\u00e4\u00e4rin Pituinen Jousi"},"content":{"rendered":"<p>\nGeissele Super 42 -kiv\u00e4\u00e4rinjousi M-16\/AR-15 -aseille. Kolmilankaisella rakenteella toimii harmonisena vaimentimena, v\u00e4hent\u00e4en jousen rikkoutumista. Parantaa luotettavuutta ja v\u00e4hent\u00e4\u00e4 jousesta tulevaa \u00e4\u00e4nt\u00e4. Yhteensopiva tavallisten kiv\u00e4\u00e4rinpituisten puskurien ja -putkien kanssa.<\/p>\n","protected":false},"excerpt":{"rendered":"<p>Paranna AR-15:n suorituskyky\u00e4 Geisselen innovatiivisella 3-s\u00e4ikeisell\u00e4 jousella.<\/p>\n","protected":false},"featured_media":60406,"template":"","meta":{"_acf_changed":false},"product_brand":[11378],"product_cat":[13236,13225,13174],"product_tag":[],"class_list":{"0":"post-60405","1":"product","2":"type-product","3":"status-publish","4":"has-post-thumbnail","6":"product_brand-geissele","7":"product_cat-jouset","8":"product_cat-kivaeaeri","9":"product_cat-kivaeaerin-viritys","11":"first","12":"instock","13":"taxable","14":"shipping-taxable","15":"product-type-simple"},"acf":[],"_links":{"self":[{"href":"https:\/\/staging.nbg.eu\/fi\/wp-json\/wp\/v2\/product\/60405","targetHints":{"allow":["GET"]}}],"collection":[{"href":"https:\/\/staging.nbg.eu\/fi\/wp-json\/wp\/v2\/product"}],"about":[{"href":"https:\/\/staging.nbg.eu\/fi\/wp-json\/wp\/v2\/types\/product"}],"wp:featuredmedia":[{"embeddable":true,"href":"https:\/\/staging.nbg.eu\/fi\/wp-json\/wp\/v2\/media\/60406"}],"wp:attachment":[{"href":"https:\/\/staging.nbg.eu\/fi\/wp-json\/wp\/v2\/media?parent=60405"}],"wp:term":[{"taxonomy":"product_brand","embeddable":true,"href":"https:\/\/staging.nbg.eu\/fi\/wp-json\/wp\/v2\/product_brand?post=60405"},{"taxonomy":"product_cat","embeddable":true,"href":"https:\/\/staging.nbg.eu\/fi\/wp-json\/wp\/v2\/product_cat?post=60405"},{"taxonomy":"product_tag","embeddable":true,"href":"https:\/\/staging.nbg.eu\/fi\/wp-json\/wp\/v2\/product_tag?post=60405"}],"curies":[{"name":"wp","href":"https:\/\/api.w.org\/{rel}","templated":true}]}}