{"id":59990,"date":"2024-02-15T07:54:43","date_gmt":"2024-09-13T16:09:10","guid":{"rendered":"https:\/\/staging.nbg.eu\/product\/geissele-super-charging-handle-sch-7-62\/"},"modified":"2024-09-13T16:09:59","modified_gmt":"2024-09-13T16:09:59","slug":"geissele-super-latausvipu-sch-762","status":"publish","type":"product","link":"https:\/\/staging.nbg.eu\/fi\/tuote\/geissele-super-latausvipu-sch-762\/","title":{"rendered":"Geissele Super Latausvipu (SCH\u00ae) 7.62"},"content":{"rendered":"<div class=\"product-description\">\n<h2>Geissele Super Charging Handle (SCH\u00ae) 7.62<\/h2>\n<p>SCH\u00ae 7.62 on molemminpuolinen latausvipu, joka on valmistettu 7075-T6 alumiinista. Siin\u00e4 on muotoillut vivut ja kuvioidut tartuntapinnat. Korotettu takareuna v\u00e4hent\u00e4\u00e4 kaasun takaisinvirtausta. Anodisoitu kest\u00e4vyyden parantamiseksi. Saatavana mustana ja hiekanv\u00e4risen\u00e4.<\/p>\n<p>Yhteensopiva useimpien SR25, DPMS\/LR308 ja AR10-mallisten aseiden kanssa. Tarkista yhteensopivuus asevalmistajalta ennen asennusta.<\/p>\n<p><strong>Ei yhteensopiva seuraavien kanssa:<\/strong> HK 762, Colt 901, DPMS GII, Adams Arms .308 Patrol Rifle, Daniel Defense DD5, Sig 716, BPM Long Range Marksman .308, Smith &amp; Wesson MP-10, Bushmaster BAR-10, Rock River Arms LAR-8.<\/p>\n<\/div>\n","protected":false},"excerpt":{"rendered":"<p>Molemmille k\u00e4sille sopiva 7075-T6 alumiinista valmistettu latausvipu 7.62 kiv\u00e4\u00e4reihin.<\/p>\n","protected":false},"featured_media":59991,"template":"","meta":{"_acf_changed":false},"product_brand":[11378],"product_cat":[13225,13174],"product_tag":[],"class_list":{"0":"post-59990","1":"product","2":"type-product","3":"status-publish","4":"has-post-thumbnail","6":"product_brand-geissele","7":"product_cat-kivaeaeri","8":"product_cat-kivaeaerin-viritys","10":"first","11":"instock","12":"taxable","13":"shipping-taxable","14":"product-type-variable","15":"wvs-archive-product-wrapper"},"acf":[],"_links":{"self":[{"href":"https:\/\/staging.nbg.eu\/fi\/wp-json\/wp\/v2\/product\/59990","targetHints":{"allow":["GET"]}}],"collection":[{"href":"https:\/\/staging.nbg.eu\/fi\/wp-json\/wp\/v2\/product"}],"about":[{"href":"https:\/\/staging.nbg.eu\/fi\/wp-json\/wp\/v2\/types\/product"}],"wp:featuredmedia":[{"embeddable":true,"href":"https:\/\/staging.nbg.eu\/fi\/wp-json\/wp\/v2\/media\/59991"}],"wp:attachment":[{"href":"https:\/\/staging.nbg.eu\/fi\/wp-json\/wp\/v2\/media?parent=59990"}],"wp:term":[{"taxonomy":"product_brand","embeddable":true,"href":"https:\/\/staging.nbg.eu\/fi\/wp-json\/wp\/v2\/product_brand?post=59990"},{"taxonomy":"product_cat","embeddable":true,"href":"https:\/\/staging.nbg.eu\/fi\/wp-json\/wp\/v2\/product_cat?post=59990"},{"taxonomy":"product_tag","embeddable":true,"href":"https:\/\/staging.nbg.eu\/fi\/wp-json\/wp\/v2\/product_tag?post=59990"}],"curies":[{"name":"wp","href":"https:\/\/api.w.org\/{rel}","templated":true}]}}